{"id":12,"date":"2018-10-13T18:21:53","date_gmt":"2018-10-13T16:21:53","guid":{"rendered":"http:\/\/www.heimatverein-rodheim-bieber.de\/hv\/?page_id=12"},"modified":"2025-05-25T20:32:59","modified_gmt":"2025-05-25T18:32:59","slug":"heimatmuseum","status":"publish","type":"page","link":"https:\/\/www.heimatverein-rodheim-bieber.de\/hv\/heimatmuseum\/","title":{"rendered":"Heimatmuseum"},"content":{"rendered":"<p>Erbaut und fertiggestellt wurde das Geb\u00e4ude 1892 auf einem Grundst\u00fcck, auf dem die Besitzer um die Mitte des 19. Jahrhunderts ausstarben. Das Gel\u00e4nde wurde dann von der Gemeinde \u00fcbernommen. Im Untergeschoss wurde ein zweites Backhaus f\u00fcr das gr\u00f6\u00dfer gewordene Dorf eingerichtet. Das Obergeschoss diente als B\u00fcrgermeisterei und sp\u00e4ter bis 1910 als Schule. Seine Funktion als Backhaus hat das Geb\u00e4ude bis in die heutige Zeit behalten, allerdings nur mit einem Ofen.<\/p>\n<p><img loading=\"lazy\" decoding=\"async\" class=\"alignnone size-medium wp-image-268\" src=\"https:\/\/www.heimatverein-rodheim-bieber.de\/hv\/wp-content\/uploads\/2018\/10\/heimatmuseum-585x400.jpg\" alt=\"\" width=\"585\" height=\"400\" srcset=\"https:\/\/www.heimatverein-rodheim-bieber.de\/hv\/wp-content\/uploads\/2018\/10\/heimatmuseum-585x400.jpg 585w, https:\/\/www.heimatverein-rodheim-bieber.de\/hv\/wp-content\/uploads\/2018\/10\/heimatmuseum.jpg 600w\" sizes=\"auto, (max-width: 585px) 100vw, 585px\" \/><br \/>\nDas Heimatmuseum im Jahr 2005<\/p>\n<p>Zwischenzeitlich waren die oberen R\u00e4ume als &#8222;Notwohnung&#8220; ausgebaut worden. Als diese 1999 frei wurden, hat der Heimatverein mit Unterst\u00fctzung der Gemeinde Biebertal die oberen Stockwerke zu einem feinen Heimatmuseum ausgebaut. 2011 wurde das Backhaus in den Museumsbetrieb integriert.<\/p>\n<p>Bis 2015 wurden \u00fcber 50 Sonderausstellungen zu \u00f6rtlichen und \u00fcberregionalen Themen gezeigt.<\/p>\n<p><strong>Tr\u00e4gerschaft<\/strong><br \/>\nHeimatverein Rodheim-Bieber<\/p>\n<p><strong>Kontaktadressen<\/strong><br \/>\nKlaus R\u00fcspeler, Wiesenstr. 11, 35444 Biebertal-Fellingshausen, Tel: 06409\/660753<br \/>\nKlaus Schmidt, M\u00fchlbergstr. 8, 35444 Biebertal, Tel.: 06409\/7362<\/p>\n<p><strong>\u00d6ffnungszeiten<\/strong><br \/>\nSonntags von 15.00 &#8211; 17.00 Uhr oder nach Vereinbarung unter Telefon-Nr.: 06409\/660753 bzw. 7362<\/p>\n<p><strong>Eintrittspreis<\/strong><br \/>\nfrei<\/p>\n<p><strong>Adresse<\/strong><br \/>\nHeimatmuseum Rodheim-Bieber<br \/>\nGie\u00dfenerstr. 23 (Altes Rathaus unterhalb der Rodheimer Kirche)<br \/>\n35444 Biebertal-Rodheim<\/p>\n<p>Parkpl\u00e4tze befinden sich vor der Tagespflegest\u00e4tte, gegen\u00fcber der Tankstelle.<\/p>\n<p><strong>Routenplaner<\/strong><\/p>\n<p><strong><a href=\"https:\/\/www.google.com\/maps\/place\/Gie%C3%9Fener+Str.+23,+35444+Biebertal\/@50.617657,8.599813,16z\/data=!4m5!3m4!1s0x47bc5c05c594fc15:0x9926130e80cd8a68!8m2!3d50.6176567!4d8.5998132?hl=de\" target=\"_blank\" rel=\"noopener\">Hier klicken, um die Karte mit Google Maps anzuzeigen.<\/a><\/strong><\/p>\n<p>&nbsp;<\/p>\n","protected":false},"excerpt":{"rendered":"<p>Erbaut und fertiggestellt wurde das Geb\u00e4ude 1892 auf einem Grundst\u00fcck, auf dem die Besitzer um die Mitte des 19. Jahrhunderts ausstarben. Das Gel\u00e4nde wurde dann von der Gemeinde \u00fcbernommen. Im Untergeschoss wurde ein zweites Backhaus f\u00fcr das gr\u00f6\u00dfer gewordene Dorf eingerichtet. Das Obergeschoss diente als B\u00fcrgermeisterei und sp\u00e4ter bis 1910 als Schule. Seine Funktion als &#8230; <a title=\"Heimatmuseum\" class=\"read-more\" href=\"https:\/\/www.heimatverein-rodheim-bieber.de\/hv\/heimatmuseum\/\" aria-label=\"Mehr Informationen \u00fcber Heimatmuseum\">(Weiterlesen)<\/a><\/p>\n","protected":false},"author":1,"featured_media":592,"parent":0,"menu_order":0,"comment_status":"closed","ping_status":"closed","template":"","meta":{"footnotes":""},"class_list":{"0":"post-12","1":"page","2":"type-page","3":"status-publish","4":"has-post-thumbnail","6":"gallery-content-unit","7":"resize-featured-image"},"_links":{"self":[{"href":"https:\/\/www.heimatverein-rodheim-bieber.de\/hv\/wp-json\/wp\/v2\/pages\/12","targetHints":{"allow":["GET"]}}],"collection":[{"href":"https:\/\/www.heimatverein-rodheim-bieber.de\/hv\/wp-json\/wp\/v2\/pages"}],"about":[{"href":"https:\/\/www.heimatverein-rodheim-bieber.de\/hv\/wp-json\/wp\/v2\/types\/page"}],"author":[{"embeddable":true,"href":"https:\/\/www.heimatverein-rodheim-bieber.de\/hv\/wp-json\/wp\/v2\/users\/1"}],"replies":[{"embeddable":true,"href":"https:\/\/www.heimatverein-rodheim-bieber.de\/hv\/wp-json\/wp\/v2\/comments?post=12"}],"version-history":[{"count":15,"href":"https:\/\/www.heimatverein-rodheim-bieber.de\/hv\/wp-json\/wp\/v2\/pages\/12\/revisions"}],"predecessor-version":[{"id":1124,"href":"https:\/\/www.heimatverein-rodheim-bieber.de\/hv\/wp-json\/wp\/v2\/pages\/12\/revisions\/1124"}],"wp:featuredmedia":[{"embeddable":true,"href":"https:\/\/www.heimatverein-rodheim-bieber.de\/hv\/wp-json\/wp\/v2\/media\/592"}],"wp:attachment":[{"href":"https:\/\/www.heimatverein-rodheim-bieber.de\/hv\/wp-json\/wp\/v2\/media?parent=12"}],"curies":[{"name":"wp","href":"https:\/\/api.w.org\/{rel}","templated":true}]}}