{"id":59,"date":"2018-10-14T16:09:02","date_gmt":"2018-10-14T14:09:02","guid":{"rendered":"http:\/\/www.heimatverein-rodheim-bieber.de\/hv\/?page_id=59"},"modified":"2019-04-06T14:45:18","modified_gmt":"2019-04-06T12:45:18","slug":"bild-und-schriftarchiv","status":"publish","type":"page","link":"https:\/\/www.heimatverein-rodheim-bieber.de\/hv\/arbeitskreise\/bild-und-schriftarchiv\/","title":{"rendered":"Bild- und Schriftarchiv"},"content":{"rendered":"<p><strong>Verantwortlich:\u00a0 <\/strong>Zur Zeit nicht besetzt. Wird vom Vorstand mitverwaltet.<\/p>\n<p>Neben den regelm\u00e4\u00dfig erscheinenden Vereinsnachrichten sind auch schon einige Sonderhefte erschienen.<br \/>\nDie redaktionelle Bearbeitung dieser Hefte und das Sammeln von schriftlichen Informationen sowie Bildmaterial stehen im Mittelpunkt der Arbeitskreist\u00e4tigkeiten. Die hier gezeigten Postkarten stellen einen Auszug aus der umfangreichen Sammlung dar. Sie k\u00f6nnen jederzeit einen Einblick in die im Archiv des Heimatmuseums aufbewahrten Bildb\u00e4nde nehmen.<\/p>\n<p><img loading=\"lazy\" decoding=\"async\" class=\"alignnone wp-image-210\" src=\"https:\/\/www.heimatverein-rodheim-bieber.de\/hv\/wp-content\/uploads\/2018\/10\/bildundschriftarchiv_Abendstern-hinter-der-Reehmuehle-300x215.jpg\" alt=\"\" width=\"600\" height=\"430\" srcset=\"https:\/\/www.heimatverein-rodheim-bieber.de\/hv\/wp-content\/uploads\/2018\/10\/bildundschriftarchiv_Abendstern-hinter-der-Reehmuehle-300x215.jpg 300w, https:\/\/www.heimatverein-rodheim-bieber.de\/hv\/wp-content\/uploads\/2018\/10\/bildundschriftarchiv_Abendstern-hinter-der-Reehmuehle-768x551.jpg 768w, https:\/\/www.heimatverein-rodheim-bieber.de\/hv\/wp-content\/uploads\/2018\/10\/bildundschriftarchiv_Abendstern-hinter-der-Reehmuehle.jpg 800w\" sizes=\"auto, (max-width: 600px) 100vw, 600px\" \/><br \/>\nBerkwerk &#8222;Abendstern&#8220; hinter der Reehmuehle<\/p>\n<p><img loading=\"lazy\" decoding=\"async\" class=\"alignnone wp-image-211\" src=\"https:\/\/www.heimatverein-rodheim-bieber.de\/hv\/wp-content\/uploads\/2018\/10\/bildundschriftarchiv_Luftbild-1955-Gail-sche-Zigarrenfabrik-in-Rodheim-300x185.jpg\" alt=\"\" width=\"600\" height=\"371\" srcset=\"https:\/\/www.heimatverein-rodheim-bieber.de\/hv\/wp-content\/uploads\/2018\/10\/bildundschriftarchiv_Luftbild-1955-Gail-sche-Zigarrenfabrik-in-Rodheim-300x185.jpg 300w, https:\/\/www.heimatverein-rodheim-bieber.de\/hv\/wp-content\/uploads\/2018\/10\/bildundschriftarchiv_Luftbild-1955-Gail-sche-Zigarrenfabrik-in-Rodheim-768x474.jpg 768w, https:\/\/www.heimatverein-rodheim-bieber.de\/hv\/wp-content\/uploads\/2018\/10\/bildundschriftarchiv_Luftbild-1955-Gail-sche-Zigarrenfabrik-in-Rodheim.jpg 800w\" sizes=\"auto, (max-width: 600px) 100vw, 600px\" \/><br \/>\nLuftbild 1955 Gailsche Zigarrenfabrik in Rodheim<\/p>\n<p><img loading=\"lazy\" decoding=\"async\" class=\"alignnone wp-image-212\" src=\"https:\/\/www.heimatverein-rodheim-bieber.de\/hv\/wp-content\/uploads\/2018\/10\/bildundschriftarchiv_Alte-Schule-Roter-Hof-in-Rodheim-von-1848-1910-300x206.jpg\" alt=\"\" width=\"600\" height=\"413\" srcset=\"https:\/\/www.heimatverein-rodheim-bieber.de\/hv\/wp-content\/uploads\/2018\/10\/bildundschriftarchiv_Alte-Schule-Roter-Hof-in-Rodheim-von-1848-1910-300x206.jpg 300w, https:\/\/www.heimatverein-rodheim-bieber.de\/hv\/wp-content\/uploads\/2018\/10\/bildundschriftarchiv_Alte-Schule-Roter-Hof-in-Rodheim-von-1848-1910-768x528.jpg 768w, https:\/\/www.heimatverein-rodheim-bieber.de\/hv\/wp-content\/uploads\/2018\/10\/bildundschriftarchiv_Alte-Schule-Roter-Hof-in-Rodheim-von-1848-1910.jpg 800w\" sizes=\"auto, (max-width: 600px) 100vw, 600px\" \/><br \/>\nAlte Schule &#8222;Roter Hof&#8220; in Rodheim von 1848 &#8211; 1910<\/p>\n","protected":false},"excerpt":{"rendered":"<p>Verantwortlich:\u00a0 Zur Zeit nicht besetzt. Wird vom Vorstand mitverwaltet. Neben den regelm\u00e4\u00dfig erscheinenden Vereinsnachrichten sind auch schon einige Sonderhefte erschienen. Die redaktionelle Bearbeitung dieser Hefte und das Sammeln von schriftlichen Informationen sowie Bildmaterial stehen im Mittelpunkt der Arbeitskreist\u00e4tigkeiten. Die hier gezeigten Postkarten stellen einen Auszug aus der umfangreichen Sammlung dar. Sie k\u00f6nnen jederzeit einen Einblick &#8230; <a title=\"Bild- und Schriftarchiv\" class=\"read-more\" href=\"https:\/\/www.heimatverein-rodheim-bieber.de\/hv\/arbeitskreise\/bild-und-schriftarchiv\/\" aria-label=\"Mehr Informationen \u00fcber Bild- und Schriftarchiv\">(Weiterlesen)<\/a><\/p>\n","protected":false},"author":1,"featured_media":652,"parent":6,"menu_order":0,"comment_status":"closed","ping_status":"closed","template":"","meta":{"footnotes":""},"class_list":{"0":"post-59","1":"page","2":"type-page","3":"status-publish","4":"has-post-thumbnail","6":"gallery-content-unit","7":"resize-featured-image"},"_links":{"self":[{"href":"https:\/\/www.heimatverein-rodheim-bieber.de\/hv\/wp-json\/wp\/v2\/pages\/59","targetHints":{"allow":["GET"]}}],"collection":[{"href":"https:\/\/www.heimatverein-rodheim-bieber.de\/hv\/wp-json\/wp\/v2\/pages"}],"about":[{"href":"https:\/\/www.heimatverein-rodheim-bieber.de\/hv\/wp-json\/wp\/v2\/types\/page"}],"author":[{"embeddable":true,"href":"https:\/\/www.heimatverein-rodheim-bieber.de\/hv\/wp-json\/wp\/v2\/users\/1"}],"replies":[{"embeddable":true,"href":"https:\/\/www.heimatverein-rodheim-bieber.de\/hv\/wp-json\/wp\/v2\/comments?post=59"}],"version-history":[{"count":6,"href":"https:\/\/www.heimatverein-rodheim-bieber.de\/hv\/wp-json\/wp\/v2\/pages\/59\/revisions"}],"predecessor-version":[{"id":217,"href":"https:\/\/www.heimatverein-rodheim-bieber.de\/hv\/wp-json\/wp\/v2\/pages\/59\/revisions\/217"}],"up":[{"embeddable":true,"href":"https:\/\/www.heimatverein-rodheim-bieber.de\/hv\/wp-json\/wp\/v2\/pages\/6"}],"wp:featuredmedia":[{"embeddable":true,"href":"https:\/\/www.heimatverein-rodheim-bieber.de\/hv\/wp-json\/wp\/v2\/media\/652"}],"wp:attachment":[{"href":"https:\/\/www.heimatverein-rodheim-bieber.de\/hv\/wp-json\/wp\/v2\/media?parent=59"}],"curies":[{"name":"wp","href":"https:\/\/api.w.org\/{rel}","templated":true}]}}