{"id":636,"date":"2019-03-02T00:00:59","date_gmt":"2019-03-01T23:00:59","guid":{"rendered":"https:\/\/www.heimatverein-rodheim-bieber.de\/hv\/?page_id=636"},"modified":"2019-04-07T18:33:57","modified_gmt":"2019-04-07T16:33:57","slug":"datenschutzerklaerung","status":"publish","type":"page","link":"https:\/\/www.heimatverein-rodheim-bieber.de\/hv\/datenschutzerklaerung\/","title":{"rendered":"Datenschutzerkl\u00e4rung"},"content":{"rendered":"<p><strong>f\u00fcr Heimatverein Rodheim- Bieber e.V.<\/strong><\/p>\n<p>Stand: 16.12.2018<\/p>\n<p>Diese Datenschutzerkl\u00e4rung kl\u00e4rt \u00fcber die Art , Umfang und Zweck der Verarbeitung von personenbezogenen Daten innerhalb unserer Vereinsaktivit\u00e4ten, dem Onlineangebot und der mit ihnen verbundenen Webseiten, Funktionen und Inhalte sowie externen Onlinepr\u00e4senzen, wie z.B. unser Onlineangebot auf. Im Hinblick auf die verwendeten Begrifflichkeiten, wie z.B. &#8222;Verarbeitung&#8220; oder &#8222;Verantwortlicher&#8220; verweisen wir auf die Definitionen im Art. 4 der Datenschutzverordnung (DSGVO).<\/p>\n<p><strong>Verantwortlicher<\/strong><\/p>\n<p>Heimatverein Rodheim-Bieber e.V.<br \/>\nVertreten durch den 1. Vorsitzenden Helmut Failing<br \/>\nGrabenstra\u00dfe 15 35444 Biebertal<br \/>\nTel. 06409 9215 E-Mail: Info@heimatverein-rodheim-bieber.de<br \/>\nVereinsregister: Amtsgericht Gie\u00dfen VR 2239<\/p>\n<p><strong>Arten der verarbeiteten Daten<\/strong>:<\/p>\n<ul>\n<li>Bestandsdaten z.B. von Mitgliedern Namen, Adressen<\/li>\n<li>Kontaktdaten z.B. E-Mails, Telefon-Nr. Fax- Nr.<\/li>\n<li>Inhaltsangaben z.B. Texteingaben, Fotos, Videos<\/li>\n<li>Nutzungsdaten z.B. Webseiten, Interesse an Inhalten, Zugriffszeiten<\/li>\n<li>Kommunikationsdaten z.B. Ger\u00e4te Info\u00b4s, IP- Adressen<\/li>\n<li>Kategorien betroffener Personen, Besucher und Nutzer des Museums und Onlineangebotes<\/li>\n<\/ul>\n<p><strong>Zwecke der Verarbeitung<\/strong><\/p>\n<ul>\n<li>Zurverf\u00fcgungstellung der Museumsausstellung, des Onlineangebotes, seine Funktionen mit Inhalten.<\/li>\n<li>Sicherungsma\u00dfnahmen<\/li>\n<li>Reichweitenmessung\/Marketing<\/li>\n<\/ul>\n<p><strong>Verwendete Begrifflichkeiten<\/strong><\/p>\n<p>\u201ePersonenbezogene Daten\u201c sind alle Informationen, die sich auf eine identifizierte oder identifizierbare nat\u00fcrliche Person (infolge betroffene Person) beziehen. Als identifizierbar wird eine nat\u00fcrliche Person angesehen, die direkt oder indirekt, insbesondere mittels Zuordnung zu einer Kennung wie Namen, zu einer Kennnummer\u00a0 oder zu einem oder mehreren besonderen Merkmalen identifiziert werden kann, die Ausdruck der wirtschaftlichen, kulturellen oder sozialen Identit\u00e4t dieser nat\u00fcrlichen\u00a0 Person sind.<\/p>\n<p>\u201eVerarbeitung\u201c ist jeder mit oder ohne Hilfe automaischer\u00a0 Verfahren ausgef\u00fchrter Vorgang oder jede solcher Vorgehensreihe in Zusammenhang mit personenbezogenen Daten.\u00a0 Der Begriff reicht weit\u00a0 und umfasst praktisch jeden Umgang mit Daten.<\/p>\n<p>\u201ePseudonymisierung\u201c \u00a0der Verarbeitung personenbezogener Daten ohne Hinzuziehung zus\u00e4tzlicher Informationen nicht mehr einer spezifischen Person zugeordnet werden k\u00f6nnen und technisch\u00a0 und organisatorischen Ma\u00dfnahmen unterliegen, die gew\u00e4hrleisten, dass die personenbezogenen Daten nicht einer identischen oder identifizierbaren nat\u00fcrlichen Peron zugewiesen werden.<\/p>\n<p>Als \u201eVerantwortlicher\u201c\u00a0 wird die nat\u00fcrliche oder juristische Person, Beh\u00f6rde oder andere Stelle, die allein oder gemeinsam mit anderen \u00fcber Zwecke\u00a0 und Mittel\u00a0 der Verarbeitung von personenbezogenen Daten entscheidet, bezeichnet.<\/p>\n<p>\u201eAuftragsbearbeiter\u201c eine nat\u00fcrliche oder juristische Person, Beh\u00f6rde oder andere Stelle, die personenbezogene Daten im Auftrag des Verantwortlichen verarbeitet.<\/p>\n<p>Ma\u00dfgebende Rechtsgrundlage ist die DSGVO.<\/p>\n<p><strong>Homepage: Server Zugriffsinformationen<\/strong><\/p>\n<p>Aus technischen Gr\u00fcnden werden folgende Daten, die Ihr Internet-Browser an uns \u00fcbermittelt, erfasst (sogenannte Serverlogfiles): Browsertyp und -version, verwendetes Betriebssystem, Webseite, von der aus Sie uns besuchen (Referrer URL), Webseite, die Sie besuchen, Datum und Uhrzeit Ihres Zugriffs und Ihre Internet Protokoll (IP)-Adresse.<br \/>\nDiese Daten lassen in dieser Form keine R\u00fcckschl\u00fcsse auf eine bestimmte Person zu. Sie werden zu statistischen Zwecken erfasst, um unser Angebot zu verbessern und um auf eventuelle Sicherheitsvorf\u00e4lle reagieren zu k\u00f6nnen.<\/p>\n<p><strong>Homepage: Google Fonts<\/strong><\/p>\n<p>In unserem Internetauftritt setzen wir Google Fonts zur Darstellung externer Schriftarten ein. Es handelt sich hierbei um einen Dienst der Google LLC, 1600 Amphitheatre Parkway, Mountain View, CA 94043 USA, nachfolgend nur \u201eGoogle\u201c genannt.<\/p>\n<p>Durch die Zertifizierung nach dem EU-US-Datenschutzschild (\u201eEU-US Privacy Shield\u201c) (siehe:\u00a0<a href=\"https:\/\/www.privacyshield.gov\/participant?id=a2zt000000001L5AAI&amp;status=Active\">https:\/\/www.privacyshield.gov\/participant?id=a2zt000000001L5AAI&amp;status=Active<\/a>) garantiert Google, dass die Datenschutzvorgaben der EU auch bei der Verarbeitung von Daten in den USA eingehalten werden.<\/p>\n<p>Um die Darstellung bestimmter Schriften in unserem Internetauftritt zu erm\u00f6glichen, wird bei Aufruf unseres Internetauftritts eine Verbindung zu dem Google-Server in den USA aufgebaut.<\/p>\n<p>Rechtsgrundlage ist Art. 6 Abs. 1 lit. f) DSGVO. Unser berechtigtes Interesse liegt in der Optimierung und dem wirtschaftlichen Betrieb unseres Internetauftritts. Durch die bei Aufruf unseres Internetauftritts hergestellte Verbindung zu Google kann Google ermitteln, von welcher Website Ihre Anfrage gesendet worden ist und an welche IP-Adresse die Darstellung der Schrift zu \u00fcbermitteln ist.<\/p>\n<p>Google bietet unter<a href=\"https:\/\/adssettings.google.com\/authenticated\">\u00a0https:\/\/adssettings.google.com\/authenticated<\/a>\u00a0und\u00a0<a href=\"https:\/\/policies.google.com\/privacy\">https:\/\/policies.google.com\/privacy<\/a>\u00a0weitere Informationen an und zwar insbesondere zu den M\u00f6glichkeiten der Unterbindung der Datennutzung.<\/p>\n<p><strong>Homepage: Google Maps<\/strong><\/p>\n<p>Wir binden die Landkarten des Dienstes \u201cGoogle Maps\u201d des Anbieters Google LLC, 1600 Amphitheatre Parkway, Mountain View, CA 94043, USA, ein. Zu den verarbeiteten Daten k\u00f6nnen insbesondere IP-Adressen und Standortdaten der Nutzer geh\u00f6ren, die jedoch nicht ohne deren Einwilligung (im Regelfall im Rahmen der Einstellungen ihrer Mobilger\u00e4te vollzogen), erhoben werden. Die Daten k\u00f6nnen in den USA verarbeitet werden. Datenschutzerkl\u00e4rung:\u00a0<a href=\"https:\/\/www.google.com\/policies\/privacy\/\">https:\/\/www.google.com\/policies\/privacy\/<\/a>, Opt-Out:\u00a0<a href=\"https:\/\/adssettings.google.com\/authenticated\">https:\/\/adssettings.google.com\/authenticated<\/a>.<\/p>\n<p><strong>Homepage: WordPress Cookies<\/strong><\/p>\n<p>Falls Sie ein Konto haben und Sie sich auf dieser Website anmelden, werden wir ein tempor\u00e4res Cookie setzen, um festzustellen, ob Ihr Browser Cookies akzeptiert. Dieses Cookie enth\u00e4lt keine personenbezogenen Daten und wird verworfen, wenn Sie Ihren Browser schlie\u00dfen.<\/p>\n<p>Wenn Sie sich anmelden, werden wir einige Cookies einrichten, um Ihre Anmeldeinformationen und Anzeigeoptionen zu speichern. Anmelde-Cookies verfallen nach zwei Tagen und Cookies f\u00fcr die Anzeigeoptionen nach einem Jahr. Falls Sie bei der Anmeldung \u201eAngemeldet bleiben\u201c ausw\u00e4hlen, wird Ihre Anmeldung zwei Wochen lang aufrechterhalten. Mit der Abmeldung aus Ihrem Konto werden die Anmelde-Cookies gel\u00f6scht.<\/p>\n<p><strong>Reichweitenmessung mit Matomo<\/strong><br \/>\nIm Rahmen der Reichweitenanalyse von Matomo werden auf Grundlage unserer berechtigten Interessen (d.h. Interesse an der Analyse, Optimierung und wirtschaftlichem Betrieb unseres Onlineangebotes im Sinne des Art. 6 Abs. 1 lit. f. DSGVO) die folgenden Daten verarbeitet: der von Ihnen verwendete Browsertyp und die Browserversion, das von Ihnen verwendete Betriebssystem, Ihr Herkunftsland, Datum und Uhrzeit der Serveranfrage, die Anzahl der Besuche, Ihre Verweildauer auf der Website sowie die von Ihnen bet\u00e4tigten externen Links. Die IP-Adresse der Nutzer wird anonymisiert, bevor sie gespeichert wird. Matomo verwendet Cookies, die auf dem Computer der Nutzer gespeichert werden und die eine Analyse der Benutzung unseres Onlineangebotes durch die Nutzer erm\u00f6glichen. Dabei k\u00f6nnen aus den verarbeiteten Daten pseudonyme Nutzungsprofile der Nutzer erstellt werden. Die durch das Cookie erzeugten Informationen \u00fcber Ihre Benutzung dieser Webseite werden nur auf unserem Server gespeichert und nicht an Dritte weitergegeben. Nutzer k\u00f6nnen der anonymisierten Datenerhebung durch das Programm Matomo jederzeit mit Wirkung f\u00fcr die Zukunft widersprechen, indem sie auf den untenstehenden Link klicken. In diesem Fall wird in ihrem Browser ein sog. Opt-Out-Cookie abgelegt, was zur Folge hat, dass Matomo keinerlei Sitzungsdaten mehr erhebt. Wenn Nutzer ihre Cookies l\u00f6schen, so hat dies jedoch zur Folge, dass auch das Opt-Out-Cookie gel\u00f6scht wird und daher von den Nutzern erneut aktiviert werden muss.<br \/>\n<iframe style=\"border: 0; height: 200px; width: 600px;\" src=\"https:\/\/statistik.ibkalla.de\/index.php?module=CoreAdminHome&amp;action=optOut&amp;language=de\"><\/iframe><\/p>\n<p><strong>Sicherungsma\u00dfnahmen <\/strong><\/p>\n<p>Wir treffen nach Ma\u00dfgabe des Art. 32 unter Ber\u00fccksichtigung des Standes \u00a0der Technik die Verarbeitung der pers\u00f6nlichen Daten. Dazu setzen wir technische Ma\u00dfnahmen zur Verschl\u00fcsselung der Verbindung von dieser Homepage mit Ihrem Webbrowser ein.<\/p>\n<p><strong>Zusammenarbeit mit Auftragsverarbeitung und Dritten<\/strong><\/p>\n<p>Sofern wir Dritte mit der Verarbeitung von Daten auf der Grundlage eines sog. \u201eAuftragsverarbeitungsvertrages\u201c beauftragen geschieht dies auf der Grundlage des Art. 28 DSGVO.<\/p>\n<p><strong>\u00dcbermittlung \u00a0an Drittl\u00e4nder<\/strong><\/p>\n<p>Au\u00dferhalb der EU werden keine personenbezogenen Daten weitergegeben.<\/p>\n<p><strong>Rechte der betroffenen Personen<\/strong><\/p>\n<p>Sie haben das Recht, eine Best\u00e4tigung dar\u00fcber zu erlangen, ob betreffende Daten sowie auch weitere Informationen und Kopien der Daten entsprechend Art. 15 DSGVO gespeichert sind.<\/p>\n<p>Sie haben entsprechend Art.16 DSGVO das Recht die Vervollst\u00e4ndigung der sie betreffende Daten oder Berichtigung der Sie betreffenden unrichtigen Daten zu verlangen.<\/p>\n<p>Sie haben nach Ma\u00dfgabe\u00a0 des Art. 17 DSGVO das Recht zu verlangen, dass betreffende Daten unverz\u00fcglich gel\u00f6scht werden bzw. alternativ nach Ma\u00dfgabe des Art.18 DSGVO eine Einschr\u00e4nkung der Verarbeitung der Daten zu verlangen.<\/p>\n<p>Sie haben das Recht zu verlangen, dass die Sie betreffenden Daten, die Sie uns bereitgestellt haben, nach Ma\u00dfgabe Art.20 DSGVO zu erhalten Verantwortliche zu fordern.<\/p>\n<p>Sie haben ferner gem. Art.77 DSGVO das Recht eine Beschwerde bei der zust\u00e4ndigen Aufsichtsbeh\u00f6rde einzureichen.<\/p>\n<p><strong>Widerspruchsrecht<\/strong><\/p>\n<p>Sie haben das Recht erteilte Einwilligungen gem. Art.7 DSGVO mit Wirkung f\u00fcr die Zukunft zu widersprechen. Sie k\u00f6nnen der k\u00fcnftigen Verarbeitung, der Sie betreffenden Daten nach Ma\u00dfgabe des Art.21 DSGVO jederzeit widersprechen. Dieser Widerspruch kann insbesondere gegen die Verarbeitung f\u00fcr die Direktwerbung erfolgen.<\/p>\n<p><strong>L\u00f6schung von Daten<\/strong><\/p>\n<p>Die von uns verarbeiteten Daten werden nach Ma\u00dfgabe des Art.17 oder 18 DSGVO gel\u00f6scht oder in ihrer Verarbeitung eingeschr\u00e4nkt, sofern nicht im Rahmen dieser Datenschutzerkl\u00e4rung ausdr\u00fccklich angegeben, werden die bei uns gespeicherten Daten gel\u00f6scht, sobald sie bei uns gespeicherten Daten gel\u00f6scht , sobald sie f\u00fcr ihre Zweckbestimmung nicht mehr erforderlich sind und die L\u00f6schung keine gesetzlichen Aufbewahrungspflichten entgegenstehen.<\/p>\n<p>Die hierbei verarbeitete Daten, die Art, der Umfang bestimmen sich nach dem Vertragsverh\u00e4ltnis. Dazu geh\u00f6ren grunds\u00e4tzlich Bestands- und Stammdaten der Personen\u00a0 (z.B. Namen,\u00a0 Adresse Nr.etc), die\u00a0 Vertragsdaten\u00a0 in Anspruch genommene Leistungen, mitgeteilte Inhalte und Informationen, Name und Kontaktpersonen) und sofern wir zahlungspflichtige Leistungen oder Produkte anbieten, Zahlungsdaten (z.B. Bankverbindung, Zahlungshistorie \u00a0etc.)<\/p>\n<p>Wir l\u00f6sen Daten, die zur Erbringung unserem satzungsm\u00e4\u00dfigen Zwecke nicht mehr erforderlich sind. Dies bestimmt sich entsprechend der jeweiligen Aufgaben und vertraglichen Beziehungen erforderlich sind.<\/p>\n<p><strong>Kontaktaufnahme<\/strong><\/p>\n<p>Bei Kontaktaufnahme mit uns z.B. per E-Mail, Telefon, Brief etc. werden die Angaben des Nutzers zur Bearbeitung der Kontaktaufnahme und der Abwicklung gem. Art. 6 1b und 1 f DSGVO verarbeitet.<\/p>\n<p>Die Angaben k\u00f6nnen\u00a0 hierzu gespeichert werden. wir l\u00f6schen die Anfragen, sofern diese nicht mehr erforderlich sind.<\/p>\n<p><strong>Weitere rechtliche Hinweise<\/strong><\/p>\n<p><strong>\u00a71 Warnhinweise zu Inhalten<\/strong><\/p>\n<p>Die kostenlosen und frei zug\u00e4nglichen Inhalte dieser Webseite wurden mit gr\u00f6\u00dftm\u00f6glicher Sorgfalt erstellt. Der Anbieter dieser Webseiten \u00fcbernimmt jedoch keine Gew\u00e4hr f\u00fcr die Richtigkeit und Aktualit\u00e4t der bereitgestellten kostenlosen und frei zug\u00e4nglichen journalistischen\u00a0 Nachrichten.<\/p>\n<p>Namentlich gekennzeichnete Beitr\u00e4ge geben die Meinung des jeweiligen Autors\u00a0 und nicht immer die Meinung des Anbieters wieder. Allein durch den Aufruf der kostenlosen und frei zug\u00e4nglichen Inhalte kommt kein Vertragsverh\u00e4ltnis zischen Nutzer und dem Anbieter zu Stande, insoweit fehlt es am Rechtsbindungswillen des Anbieters.<\/p>\n<p><strong>\u00a72 Externe Links enth\u00e4lt die Webseite nicht.<\/strong><\/p>\n<p><strong>\u00a73 Urheber \u2013 und Leistungsschutzrechte<\/strong><\/p>\n<p>Die auf dieser Webseite ver\u00f6ffentlichten Inhalte unterliegen dem deutschen Urheber-und Leistungsschutzrecht. Jede vom deutschen Urheber- und Leistungsschutzrecht nicht zugelassene Verwertung\u00a0 bedarf der vorherigen schriftlichen Zustimmung des Anbieters oder Rechteinhabers. Dies gilt insbesondere f\u00fcr Vervielf\u00e4ltigung, Bearbeitung, \u00dcbersetzung, Einspeisung, Verarbeitung bzw. Wiedergabe von Inhalten in Datenbanken oder elektronischen\u00a0 Medien und Systemen.<\/p>\n<p>Inhalte und Rechte Dritter sind dabei als solche zu kennzeichnen.<\/p>\n<p>Das unerlaubte vervielf\u00e4ltigen oder Weitergabe einzelner Inhalte oder komplette Seiten\u00a0 sind nicht gestattet und sind strafbar. Lediglich die Herstellung von Kopien und Downloads f\u00fcr pers\u00f6nlichen, privaten\u00a0 Gebrauch ist erlaubt. Die Darstellung dieser Webseiten in fremden Frames ist nur mit schriftlicher Erlaubnis zul\u00e4ssig.<\/p>\n<p><strong>\u00a74 Besondere Nutzungsbedingungen<\/strong><\/p>\n<p>Soweit besondere Bedingungen f\u00fcr einzelne Nutzungen dieser Webseiten von den vorgenannten Paragraphen abweichen, wird an entsprechender Stelle ausdr\u00fccklich darauf hingewiesen.<\/p>\n<p>In diesem Falle gelten im jeweiligen Einzelfall die besonderen Nutzungsbedingungen.<\/p>\n<p>&nbsp;<\/p>\n<p><em>Quelle (unter anderem): https:\/\/www.juraforum.de\/impressum-generator\/<\/em><\/p>\n","protected":false},"excerpt":{"rendered":"<p>f\u00fcr Heimatverein Rodheim- Bieber e.V. Stand: 16.12.2018 Diese Datenschutzerkl\u00e4rung kl\u00e4rt \u00fcber die Art , Umfang und Zweck der Verarbeitung von personenbezogenen Daten innerhalb unserer Vereinsaktivit\u00e4ten, dem Onlineangebot und der mit ihnen verbundenen Webseiten, Funktionen und Inhalte sowie externen Onlinepr\u00e4senzen, wie z.B. unser Onlineangebot auf. Im Hinblick auf die verwendeten Begrifflichkeiten, wie z.B. &#8222;Verarbeitung&#8220; oder &#8222;Verantwortlicher&#8220; &#8230; <a title=\"Datenschutzerkl\u00e4rung\" class=\"read-more\" href=\"https:\/\/www.heimatverein-rodheim-bieber.de\/hv\/datenschutzerklaerung\/\" aria-label=\"Mehr Informationen \u00fcber Datenschutzerkl\u00e4rung\">(Weiterlesen)<\/a><\/p>\n","protected":false},"author":1,"featured_media":651,"parent":0,"menu_order":0,"comment_status":"closed","ping_status":"closed","template":"","meta":{"footnotes":""},"class_list":{"0":"post-636","1":"page","2":"type-page","3":"status-publish","4":"has-post-thumbnail","6":"gallery-content-unit","7":"resize-featured-image"},"_links":{"self":[{"href":"https:\/\/www.heimatverein-rodheim-bieber.de\/hv\/wp-json\/wp\/v2\/pages\/636","targetHints":{"allow":["GET"]}}],"collection":[{"href":"https:\/\/www.heimatverein-rodheim-bieber.de\/hv\/wp-json\/wp\/v2\/pages"}],"about":[{"href":"https:\/\/www.heimatverein-rodheim-bieber.de\/hv\/wp-json\/wp\/v2\/types\/page"}],"author":[{"embeddable":true,"href":"https:\/\/www.heimatverein-rodheim-bieber.de\/hv\/wp-json\/wp\/v2\/users\/1"}],"replies":[{"embeddable":true,"href":"https:\/\/www.heimatverein-rodheim-bieber.de\/hv\/wp-json\/wp\/v2\/comments?post=636"}],"version-history":[{"count":2,"href":"https:\/\/www.heimatverein-rodheim-bieber.de\/hv\/wp-json\/wp\/v2\/pages\/636\/revisions"}],"predecessor-version":[{"id":675,"href":"https:\/\/www.heimatverein-rodheim-bieber.de\/hv\/wp-json\/wp\/v2\/pages\/636\/revisions\/675"}],"wp:featuredmedia":[{"embeddable":true,"href":"https:\/\/www.heimatverein-rodheim-bieber.de\/hv\/wp-json\/wp\/v2\/media\/651"}],"wp:attachment":[{"href":"https:\/\/www.heimatverein-rodheim-bieber.de\/hv\/wp-json\/wp\/v2\/media?parent=636"}],"curies":[{"name":"wp","href":"https:\/\/api.w.org\/{rel}","templated":true}]}}