{"id":64,"date":"2018-10-14T16:11:23","date_gmt":"2018-10-14T14:11:23","guid":{"rendered":"http:\/\/www.heimatverein-rodheim-bieber.de\/hv\/?page_id=64"},"modified":"2019-04-09T11:01:15","modified_gmt":"2019-04-09T09:01:15","slug":"denkmalpflege","status":"publish","type":"page","link":"https:\/\/www.heimatverein-rodheim-bieber.de\/hv\/arbeitskreise\/denkmalpflege\/","title":{"rendered":"Denkmalpflege"},"content":{"rendered":"<p><strong>Verantwortlich:\u00a0<\/strong>Dr. Jutta Failing, Eschersheimer Landstr. 158, 60322 Frankfurt\/Main, Tel.: 0173\/3419345<\/p>\n<p>Wer Denkm\u00e4ler beseitigt, l\u00f6scht Erinnerungen aus. Ob Fachwerkh\u00e4user, Adelsg\u00fcter, mittelalterliche Kirchen, historische Parkanlagen oder Grabsteine &#8211; sie alle sind Br\u00fccken zur Vergangenheit.<br \/>\nRodheim-Bieber besitzt rund 30 Objekte, die unter das Denkmalschutzgesetz fallen. Um nur einige zu nennen: Hofgut Schmitte, Gail&#8217;scher Park und Villa, die alte Br\u00fccke \u00fcber die Bieber, das Frauenkreuz und das Portal des Wasserbeh\u00e4lters (N\u00e4he Waldsportplatz Rodheim).<\/p>\n<p style=\"text-align: center;\"><em><img loading=\"lazy\" decoding=\"async\" class=\"alignnone size-medium wp-image-499 aligncenter\" src=\"https:\/\/www.heimatverein-rodheim-bieber.de\/hv\/wp-content\/uploads\/2019\/02\/Goldener-Becher-Sparkasse-569x400.jpg\" alt=\"\" width=\"569\" height=\"400\" srcset=\"https:\/\/www.heimatverein-rodheim-bieber.de\/hv\/wp-content\/uploads\/2019\/02\/Goldener-Becher-Sparkasse-569x400.jpg 569w, https:\/\/www.heimatverein-rodheim-bieber.de\/hv\/wp-content\/uploads\/2019\/02\/Goldener-Becher-Sparkasse-768x540.jpg 768w, https:\/\/www.heimatverein-rodheim-bieber.de\/hv\/wp-content\/uploads\/2019\/02\/Goldener-Becher-Sparkasse-1024x720.jpg 1024w, https:\/\/www.heimatverein-rodheim-bieber.de\/hv\/wp-content\/uploads\/2019\/02\/Goldener-Becher-Sparkasse.jpg 1937w\" sizes=\"auto, (max-width: 569px) 100vw, 569px\" \/><\/em><br \/>\n<em>Haus &#8222;Goldener Becher&#8220;, Gie\u00dfener Stra\u00dfe, Rodheim. Erbaut 1906-08. Zun\u00e4chst Gastst\u00e4tte,<br \/>\nseit 1924 Sitz der Spar- und Leihkasse Rodheim. Abgerissen f\u00fcr Neubau der Sparkasse Wetzlar.<\/em><\/p>\n<p>&nbsp;<\/p>\n<p><strong>Aktionen und Initiativen des Arbeitskreises Denkmalpflege (Auswahl): <\/strong><\/p>\n<p>Restaurierung des romanischen Taufsteins und der barocken Grabsteine (erm\u00f6glicht durch Spenden)<\/p>\n<p>Restaurierung des Lesch-Wappens (Original im Heimatmuseum; Replik am \u201eSchwarzen Hof\u201c, Gie\u00dfener Stra\u00dfe gegen\u00fcber Heimatmuseum)<\/p>\n<p>Zahlreiche F\u00fchrungen<\/p>\n<p>Seit \u00fcber 20 Jahren &#8211; F\u00fchrungen f\u00fcr Kinder und Jugendliche im Rahmen der Biebertaler Ferienspiele (u.a. Taschenlampenf\u00fchrung in der Rodheimer Kirche)<\/p>\n<p>&nbsp;<\/p>\n<p><strong>Buchbare F\u00fchrungen f\u00fcr Gruppen: <\/strong><\/p>\n<p>M\u00fchlenwanderung<\/p>\n<p>Die Bieberlies \u2013 Bahngeschichten<\/p>\n<p>Ev. Kirche Rodheim, Taufstein und barocke Grabsteine<\/p>\n<p>Unheimliche Geschichten aus dem alten Rodheim \u2013 \u201eSpuk- und Sagenorte, R\u00e4uber und Tanzwut\u201c<\/p>\n<p>Information\/Buchung unter Tel. 06409\/9215 (H. Failing). Statt Honorar bitten wir um eine Spende f\u00fcr den Heimatverein.<\/p>\n","protected":false},"excerpt":{"rendered":"<p>Verantwortlich:\u00a0Dr. Jutta Failing, Eschersheimer Landstr. 158, 60322 Frankfurt\/Main, Tel.: 0173\/3419345 Wer Denkm\u00e4ler beseitigt, l\u00f6scht Erinnerungen aus. Ob Fachwerkh\u00e4user, Adelsg\u00fcter, mittelalterliche Kirchen, historische Parkanlagen oder Grabsteine &#8211; sie alle sind Br\u00fccken zur Vergangenheit. Rodheim-Bieber besitzt rund 30 Objekte, die unter das Denkmalschutzgesetz fallen. Um nur einige zu nennen: Hofgut Schmitte, Gail&#8217;scher Park und Villa, die alte &#8230; <a title=\"Denkmalpflege\" class=\"read-more\" href=\"https:\/\/www.heimatverein-rodheim-bieber.de\/hv\/arbeitskreise\/denkmalpflege\/\" aria-label=\"Mehr Informationen \u00fcber Denkmalpflege\">(Weiterlesen)<\/a><\/p>\n","protected":false},"author":1,"featured_media":683,"parent":6,"menu_order":0,"comment_status":"closed","ping_status":"closed","template":"","meta":{"footnotes":""},"class_list":{"0":"post-64","1":"page","2":"type-page","3":"status-publish","4":"has-post-thumbnail","6":"gallery-content-unit","7":"resize-featured-image"},"_links":{"self":[{"href":"https:\/\/www.heimatverein-rodheim-bieber.de\/hv\/wp-json\/wp\/v2\/pages\/64","targetHints":{"allow":["GET"]}}],"collection":[{"href":"https:\/\/www.heimatverein-rodheim-bieber.de\/hv\/wp-json\/wp\/v2\/pages"}],"about":[{"href":"https:\/\/www.heimatverein-rodheim-bieber.de\/hv\/wp-json\/wp\/v2\/types\/page"}],"author":[{"embeddable":true,"href":"https:\/\/www.heimatverein-rodheim-bieber.de\/hv\/wp-json\/wp\/v2\/users\/1"}],"replies":[{"embeddable":true,"href":"https:\/\/www.heimatverein-rodheim-bieber.de\/hv\/wp-json\/wp\/v2\/comments?post=64"}],"version-history":[{"count":7,"href":"https:\/\/www.heimatverein-rodheim-bieber.de\/hv\/wp-json\/wp\/v2\/pages\/64\/revisions"}],"predecessor-version":[{"id":501,"href":"https:\/\/www.heimatverein-rodheim-bieber.de\/hv\/wp-json\/wp\/v2\/pages\/64\/revisions\/501"}],"up":[{"embeddable":true,"href":"https:\/\/www.heimatverein-rodheim-bieber.de\/hv\/wp-json\/wp\/v2\/pages\/6"}],"wp:featuredmedia":[{"embeddable":true,"href":"https:\/\/www.heimatverein-rodheim-bieber.de\/hv\/wp-json\/wp\/v2\/media\/683"}],"wp:attachment":[{"href":"https:\/\/www.heimatverein-rodheim-bieber.de\/hv\/wp-json\/wp\/v2\/media?parent=64"}],"curies":[{"name":"wp","href":"https:\/\/api.w.org\/{rel}","templated":true}]}}