{"id":69,"date":"2018-10-14T16:13:07","date_gmt":"2018-10-14T14:13:07","guid":{"rendered":"http:\/\/www.heimatverein-rodheim-bieber.de\/hv\/?page_id=69"},"modified":"2019-05-17T17:41:59","modified_gmt":"2019-05-17T15:41:59","slug":"dorf-und-familiengeschichte","status":"publish","type":"page","link":"https:\/\/www.heimatverein-rodheim-bieber.de\/hv\/arbeitskreise\/dorf-und-familiengeschichte\/","title":{"rendered":"Dorf-und Familiengeschichte"},"content":{"rendered":"<p><strong>Verantwortlich:<\/strong> Karl-Heinz Reeh Vetzbergerstr. 21, 35444 Biebertal, Tel.: 06409\/9826<\/p>\n<p>Der Arbeitskreis besteht seit der Gr\u00fcndung des Vereins im Jahr 1995.<\/p>\n<p>Mit Ernst Schmidt war bis Anfang 2004 ein Rodheimer Urgestein der Leiter dieses Arbeitskreises.<\/p>\n<p>Am 26.1.2004 wurden als Nachfolger f\u00fcr Ernst Schmidt, Karl-Heinz Reeh und Heinz Peppler als gemeinsame Leiter des Arbeitskreises gew\u00e4hlt. Heinz Peppler verstarb im Jahr 2014.<\/p>\n<p>Der als \u201ePlatte Ernst\u201c bekannte Heimat- und Familienforscher war im Februar 2002 f\u00fcr eine Sonderausstellung im Heimatmuseum Rodheim-Bieber verantwortlich. Unter dem Titel \u201eDas Lebenswerk von Ernst Schmidt als Heimat- und Familienforscher von Rodheim\u201c hat er seine kompletten Aktivit\u00e4ten im gro\u00dfen Raum des Heimatmuseums zug\u00e4nglich gemacht. Alle seine B\u00fccher und Abhandlungen, viel Bildmaterial sowie einige Stammb\u00e4ume von Rodheimer Familien (insgesamt fast 20) wurden gezeigt. Im Jahr 2011 verstarb Ernst Schmidt im 93. Lebensjahr.<\/p>\n<p style=\"text-align: center;\"><img loading=\"lazy\" decoding=\"async\" class=\"alignnone size-medium wp-image-222\" src=\"https:\/\/www.heimatverein-rodheim-bieber.de\/hv\/wp-content\/uploads\/2018\/10\/dorf-undFamiliengeschichte_Stiftungsfest-des-Gesangverein-Eintracht-1914-600x398.jpg\" alt=\"\" width=\"600\" height=\"398\" srcset=\"https:\/\/www.heimatverein-rodheim-bieber.de\/hv\/wp-content\/uploads\/2018\/10\/dorf-undFamiliengeschichte_Stiftungsfest-des-Gesangverein-Eintracht-1914-600x398.jpg 600w, https:\/\/www.heimatverein-rodheim-bieber.de\/hv\/wp-content\/uploads\/2018\/10\/dorf-undFamiliengeschichte_Stiftungsfest-des-Gesangverein-Eintracht-1914-768x509.jpg 768w, https:\/\/www.heimatverein-rodheim-bieber.de\/hv\/wp-content\/uploads\/2018\/10\/dorf-undFamiliengeschichte_Stiftungsfest-des-Gesangverein-Eintracht-1914.jpg 800w\" sizes=\"auto, (max-width: 600px) 100vw, 600px\" \/><br \/>\n50j\u00e4hriges Stiftungsfest des Gesangvereins Eintracht Rodheim am 05. Juli 1914<\/p>\n<p>Der Arbeitskreis hat es sich zur Aufgabe gemacht, \u00fcber die Dorf- und Familiengeschichte zu recherchieren und diese zu dokumentieren. Dazu geh\u00f6rt, m\u00fcndliche \u00dcberlieferungen schriftlich festzuhalten sowie alte Bilder zu archivieren und, soweit es geht, das Fotografierte zu beschreiben.<\/p>\n<p>Um Dokumente in Archiven zu sichten, die oft in der alten Kurrent &#8211; Schrift (S\u00fctterlin) geschrieben sind, ist es von gro\u00dfem Vorteil, diese auch lesen zu k\u00f6nnen.<\/p>\n<p>Die Wechselausstellungen im Heimatmuseum werden ebenfalls gr\u00f6\u00dftenteils von dem Arbeitskreis mitgestaltet.<\/p>\n<p>Nicht nur die Dorfgeschichte sondern auch geschichtliche Orte au\u00dferhalb des Dorfes werden erforscht, wie zum Beispiel die alten Schanzen, der K\u00f6nigstuhl, die alten Schie\u00dfst\u00e4nde, die H\u00f6hlen am D\u00fcnsberg und bei Bieber, Forsth\u00e4user, M\u00fchlen und die alte Wasserkammer um nur einige zu nennen.<\/p>\n<p>Auch aktuelle Dokumentationen geh\u00f6ren dazu, wie das Fotografieren von Geb\u00e4uden die abgerissen werden sollen. Leute die Zeit und Interesse haben bei uns mitzuwirken, sind immer herzlich willkommen.<\/p>\n","protected":false},"excerpt":{"rendered":"<p>Verantwortlich: Karl-Heinz Reeh Vetzbergerstr. 21, 35444 Biebertal, Tel.: 06409\/9826 Der Arbeitskreis besteht seit der Gr\u00fcndung des Vereins im Jahr 1995. Mit Ernst Schmidt war bis Anfang 2004 ein Rodheimer Urgestein der Leiter dieses Arbeitskreises. Am 26.1.2004 wurden als Nachfolger f\u00fcr Ernst Schmidt, Karl-Heinz Reeh und Heinz Peppler als gemeinsame Leiter des Arbeitskreises gew\u00e4hlt. Heinz Peppler &#8230; <a title=\"Dorf-und Familiengeschichte\" class=\"read-more\" href=\"https:\/\/www.heimatverein-rodheim-bieber.de\/hv\/arbeitskreise\/dorf-und-familiengeschichte\/\" aria-label=\"Mehr Informationen \u00fcber Dorf-und Familiengeschichte\">(Weiterlesen)<\/a><\/p>\n","protected":false},"author":1,"featured_media":494,"parent":6,"menu_order":0,"comment_status":"closed","ping_status":"closed","template":"","meta":{"footnotes":""},"class_list":{"0":"post-69","1":"page","2":"type-page","3":"status-publish","4":"has-post-thumbnail","6":"gallery-content-unit","7":"resize-featured-image"},"_links":{"self":[{"href":"https:\/\/www.heimatverein-rodheim-bieber.de\/hv\/wp-json\/wp\/v2\/pages\/69","targetHints":{"allow":["GET"]}}],"collection":[{"href":"https:\/\/www.heimatverein-rodheim-bieber.de\/hv\/wp-json\/wp\/v2\/pages"}],"about":[{"href":"https:\/\/www.heimatverein-rodheim-bieber.de\/hv\/wp-json\/wp\/v2\/types\/page"}],"author":[{"embeddable":true,"href":"https:\/\/www.heimatverein-rodheim-bieber.de\/hv\/wp-json\/wp\/v2\/users\/1"}],"replies":[{"embeddable":true,"href":"https:\/\/www.heimatverein-rodheim-bieber.de\/hv\/wp-json\/wp\/v2\/comments?post=69"}],"version-history":[{"count":6,"href":"https:\/\/www.heimatverein-rodheim-bieber.de\/hv\/wp-json\/wp\/v2\/pages\/69\/revisions"}],"predecessor-version":[{"id":691,"href":"https:\/\/www.heimatverein-rodheim-bieber.de\/hv\/wp-json\/wp\/v2\/pages\/69\/revisions\/691"}],"up":[{"embeddable":true,"href":"https:\/\/www.heimatverein-rodheim-bieber.de\/hv\/wp-json\/wp\/v2\/pages\/6"}],"wp:featuredmedia":[{"embeddable":true,"href":"https:\/\/www.heimatverein-rodheim-bieber.de\/hv\/wp-json\/wp\/v2\/media\/494"}],"wp:attachment":[{"href":"https:\/\/www.heimatverein-rodheim-bieber.de\/hv\/wp-json\/wp\/v2\/media?parent=69"}],"curies":[{"name":"wp","href":"https:\/\/api.w.org\/{rel}","templated":true}]}}