{"id":77,"date":"2018-10-14T16:16:45","date_gmt":"2018-10-14T14:16:45","guid":{"rendered":"http:\/\/www.heimatverein-rodheim-bieber.de\/hv\/?page_id=77"},"modified":"2019-05-17T17:56:44","modified_gmt":"2019-05-17T15:56:44","slug":"heimatvertriebene","status":"publish","type":"page","link":"https:\/\/www.heimatverein-rodheim-bieber.de\/hv\/arbeitskreise\/heimatvertriebene\/","title":{"rendered":"Heimatvertriebene"},"content":{"rendered":"<p><strong>Verantwortlich: <\/strong>Karl Ruppert, 35444 Biebertal, Sudetenstra\u00dfe 10, Tel.: 06409 \/ 7458<\/p>\n<p>Die Gruppe besteht seit Gr\u00fcndung des Vereins im Jahr 1995. Mit dem verstorbenen Frank Reif leitete ein ehemaliger P\u00e4dagoge, der als Sudetendeutscher auch die Vertreibung aus der Heimat miterlebt hat, diesen Arbeitskreis bis zum Jahr 2005.<br \/>\nVon 2005 bis zu seinem Tod war Wolfgang Str\u00f6her f\u00fcr diesen Arbeitskreis verantwortlich t\u00e4tig. Seit 2014 leitete Manfred Rustler bis zu seinem Tod im Dezember 2018 den Arbeitskreis.<\/p>\n<p>Zum 50. Jahrestag 1996 und zum 60. Jahrestag 2006 sowie 2016 zum 70. Jahrestag der Vertreibung fand jeweils eine vom Heimatverein initiierte Gedenkveranstaltung statt. Die im Sommer 2003 neu eingerichtete Heimatvertriebenenstube im Heimatmuseum erinnert an die \u00fcber 500 Heimatvertriebenen, die 1946 nach Rodheim-Bieber kamen. 325 siedelten sich in Rodheim, 190 in Bieber an. Diese wurde 2012 vom hessischen Museumsverband besonders ausgezeichnet.<\/p>\n<p>Im Mittelpunkt der Ausstellung stehen eine Puppe in Egerl\u00e4nder Tracht und ein Handwagen mit Koffern sowie ein Kl\u00f6ppelkissen. Kostbarkeiten wie Ehrenzeichen, Ausweise, Porzellan, Geschirr und sonstige Rarit\u00e4ten enth\u00e4lt eine Vitrine.<\/p>\n<p style=\"text-align: center;\"><img loading=\"lazy\" decoding=\"async\" class=\"alignnone size-medium wp-image-235\" src=\"https:\/\/www.heimatverein-rodheim-bieber.de\/hv\/wp-content\/uploads\/2018\/10\/Vitrine-2016-315x400.jpg\" alt=\"\" width=\"315\" height=\"400\" srcset=\"https:\/\/www.heimatverein-rodheim-bieber.de\/hv\/wp-content\/uploads\/2018\/10\/Vitrine-2016-315x400.jpg 315w, https:\/\/www.heimatverein-rodheim-bieber.de\/hv\/wp-content\/uploads\/2018\/10\/Vitrine-2016.jpg 500w\" sizes=\"auto, (max-width: 315px) 100vw, 315px\" \/><br \/>\nTrachtenpaar aus dem Egerland<\/p>\n<p><strong> Abhandlungen<\/strong><\/p>\n<ul>\n<li>Gedenken und Erinnern: Zum 50. Jahrestag der Vertreibung, von Frank Reif 1996<\/li>\n<\/ul>\n<p>&nbsp;<\/p>\n","protected":false},"excerpt":{"rendered":"<p>Verantwortlich: Karl Ruppert, 35444 Biebertal, Sudetenstra\u00dfe 10, Tel.: 06409 \/ 7458 Die Gruppe besteht seit Gr\u00fcndung des Vereins im Jahr 1995. Mit dem verstorbenen Frank Reif leitete ein ehemaliger P\u00e4dagoge, der als Sudetendeutscher auch die Vertreibung aus der Heimat miterlebt hat, diesen Arbeitskreis bis zum Jahr 2005. Von 2005 bis zu seinem Tod war Wolfgang &#8230; <a title=\"Heimatvertriebene\" class=\"read-more\" href=\"https:\/\/www.heimatverein-rodheim-bieber.de\/hv\/arbeitskreise\/heimatvertriebene\/\" aria-label=\"Mehr Informationen \u00fcber Heimatvertriebene\">(Weiterlesen)<\/a><\/p>\n","protected":false},"author":1,"featured_media":484,"parent":6,"menu_order":0,"comment_status":"closed","ping_status":"closed","template":"","meta":{"footnotes":""},"class_list":{"0":"post-77","1":"page","2":"type-page","3":"status-publish","4":"has-post-thumbnail","6":"gallery-content-unit","7":"resize-featured-image"},"_links":{"self":[{"href":"https:\/\/www.heimatverein-rodheim-bieber.de\/hv\/wp-json\/wp\/v2\/pages\/77","targetHints":{"allow":["GET"]}}],"collection":[{"href":"https:\/\/www.heimatverein-rodheim-bieber.de\/hv\/wp-json\/wp\/v2\/pages"}],"about":[{"href":"https:\/\/www.heimatverein-rodheim-bieber.de\/hv\/wp-json\/wp\/v2\/types\/page"}],"author":[{"embeddable":true,"href":"https:\/\/www.heimatverein-rodheim-bieber.de\/hv\/wp-json\/wp\/v2\/users\/1"}],"replies":[{"embeddable":true,"href":"https:\/\/www.heimatverein-rodheim-bieber.de\/hv\/wp-json\/wp\/v2\/comments?post=77"}],"version-history":[{"count":10,"href":"https:\/\/www.heimatverein-rodheim-bieber.de\/hv\/wp-json\/wp\/v2\/pages\/77\/revisions"}],"predecessor-version":[{"id":694,"href":"https:\/\/www.heimatverein-rodheim-bieber.de\/hv\/wp-json\/wp\/v2\/pages\/77\/revisions\/694"}],"up":[{"embeddable":true,"href":"https:\/\/www.heimatverein-rodheim-bieber.de\/hv\/wp-json\/wp\/v2\/pages\/6"}],"wp:featuredmedia":[{"embeddable":true,"href":"https:\/\/www.heimatverein-rodheim-bieber.de\/hv\/wp-json\/wp\/v2\/media\/484"}],"wp:attachment":[{"href":"https:\/\/www.heimatverein-rodheim-bieber.de\/hv\/wp-json\/wp\/v2\/media?parent=77"}],"curies":[{"name":"wp","href":"https:\/\/api.w.org\/{rel}","templated":true}]}}