{"id":79,"date":"2018-10-14T16:18:04","date_gmt":"2018-10-14T14:18:04","guid":{"rendered":"http:\/\/www.heimatverein-rodheim-bieber.de\/hv\/?page_id=79"},"modified":"2019-04-09T11:05:43","modified_gmt":"2019-04-09T09:05:43","slug":"detailhinweise-zum-einrichtungskonzept","status":"publish","type":"page","link":"https:\/\/www.heimatverein-rodheim-bieber.de\/hv\/arbeitskreise\/heimatvertriebene\/detailhinweise-zum-einrichtungskonzept\/","title":{"rendered":"Detailhinweise zum Einrichtungskonzept"},"content":{"rendered":"<p><strong>Einrichtungskonzept der Egerlandstube im Heimatmuseum<\/strong><\/p>\n<p>Dem Arbeitskreis Heimatvertriebene und Fl\u00fcchtlinge wurde ein Raum im Heimatmuseum zur Verf\u00fcgung gestellt. Er m\u00f6chte in diesem Raum an Menschen erinnern, die nach dem 2. Weltkrieg ihre angestammte Heimat in Europa gegen Ihren Willen verlassen mussten.<\/p>\n<p>Die ersten Heimatvertriebenen sind in Biebertal am 22. April 1946 angekommen. Ihr Vertreibungsbahnhof war Falkenau an der Eger im Egerland\/Sudetenland. Deshalb soll der Schwerpunkt der Heimatstube das Sudetenland sein. Eine umfangreiche Ausstellung von Exponaten konnte wegen Platzmangel nur durch Bilder ersetzt werden.<\/p>\n<p><strong>Heimat<\/strong><\/p>\n<p>Neben einer Einf\u00fchrung in die Geschichte des Egerlandes wird auf die l\u00e4ndliche Kultur mit ihren verschiedenen Trachten und den Fachwerkh\u00f6fen hingewiesen. Statistiken belegen die Mehrheit der deutschen Bev\u00f6lkerung in den Gerichtsbezirken. Die weltber\u00fchmten Badeorte Karlsbad, Marienbad und Franzensbad wurden von Kurg\u00e4sten aus aller Welt besucht und werden in Bildern dargestellt. In einer Vitrine werden Trachtenschmuck, B\u00f6hmisches Glas, Porzelangegenst\u00e4nde und Heimatscheine ausgestellt.<\/p>\n<p><strong>Vertreibung<\/strong><\/p>\n<p>Auf Bildern wird versucht zu beschreiben, was Flucht und Vertreibung f\u00fcr die Menschen bedeutet hat und welches Leid sie ertragen mussten. Symbolisch wird ein Leiterwagen mit Koffer und S\u00e4cken beladen in Szene gesetzt und dem Besucher nahe gebracht. Bilder werden gezeigt. Zeitzeugenberichte runden das Bild ab.<\/p>\n<p><strong>Neuanfang<\/strong><\/p>\n<p>Auf dieser Wand wird beispielhaft gezeigt, mit welchen geringen Mitteln sich die Egerl\u00e4nder in ihrer neuen Umgebung eine Existenz aufbauen mussten. Beispiele sind die Neubauten am Rillscheidring, in der Sudetenstra\u00dfe usw. Der Besucher, der selber keinen Bezug zum Egerland hat, soll so einen Einstieg in die Thematik &#8222;Flucht und Vertreibung von Menschen&#8220; erhalten.<\/p>\n<p>Vertreibung von Menschen aus Ihrer Heimat ist und bleibt ein Verbrechen.<\/p>\n<p>Leider haben die Menschen noch immer nichts dazugelernt.<\/p>\n","protected":false},"excerpt":{"rendered":"<p>Einrichtungskonzept der Egerlandstube im Heimatmuseum Dem Arbeitskreis Heimatvertriebene und Fl\u00fcchtlinge wurde ein Raum im Heimatmuseum zur Verf\u00fcgung gestellt. Er m\u00f6chte in diesem Raum an Menschen erinnern, die nach dem 2. Weltkrieg ihre angestammte Heimat in Europa gegen Ihren Willen verlassen mussten. Die ersten Heimatvertriebenen sind in Biebertal am 22. April 1946 angekommen. Ihr Vertreibungsbahnhof war &#8230; <a title=\"Detailhinweise zum Einrichtungskonzept\" class=\"read-more\" href=\"https:\/\/www.heimatverein-rodheim-bieber.de\/hv\/arbeitskreise\/heimatvertriebene\/detailhinweise-zum-einrichtungskonzept\/\" aria-label=\"Mehr Informationen \u00fcber Detailhinweise zum Einrichtungskonzept\">(Weiterlesen)<\/a><\/p>\n","protected":false},"author":1,"featured_media":684,"parent":77,"menu_order":0,"comment_status":"closed","ping_status":"closed","template":"","meta":{"footnotes":""},"class_list":{"0":"post-79","1":"page","2":"type-page","3":"status-publish","4":"has-post-thumbnail","6":"gallery-content-unit","7":"resize-featured-image"},"_links":{"self":[{"href":"https:\/\/www.heimatverein-rodheim-bieber.de\/hv\/wp-json\/wp\/v2\/pages\/79","targetHints":{"allow":["GET"]}}],"collection":[{"href":"https:\/\/www.heimatverein-rodheim-bieber.de\/hv\/wp-json\/wp\/v2\/pages"}],"about":[{"href":"https:\/\/www.heimatverein-rodheim-bieber.de\/hv\/wp-json\/wp\/v2\/types\/page"}],"author":[{"embeddable":true,"href":"https:\/\/www.heimatverein-rodheim-bieber.de\/hv\/wp-json\/wp\/v2\/users\/1"}],"replies":[{"embeddable":true,"href":"https:\/\/www.heimatverein-rodheim-bieber.de\/hv\/wp-json\/wp\/v2\/comments?post=79"}],"version-history":[{"count":4,"href":"https:\/\/www.heimatverein-rodheim-bieber.de\/hv\/wp-json\/wp\/v2\/pages\/79\/revisions"}],"predecessor-version":[{"id":681,"href":"https:\/\/www.heimatverein-rodheim-bieber.de\/hv\/wp-json\/wp\/v2\/pages\/79\/revisions\/681"}],"up":[{"embeddable":true,"href":"https:\/\/www.heimatverein-rodheim-bieber.de\/hv\/wp-json\/wp\/v2\/pages\/77"}],"wp:featuredmedia":[{"embeddable":true,"href":"https:\/\/www.heimatverein-rodheim-bieber.de\/hv\/wp-json\/wp\/v2\/media\/684"}],"wp:attachment":[{"href":"https:\/\/www.heimatverein-rodheim-bieber.de\/hv\/wp-json\/wp\/v2\/media?parent=79"}],"curies":[{"name":"wp","href":"https:\/\/api.w.org\/{rel}","templated":true}]}}