{"id":8,"date":"2018-10-13T18:21:19","date_gmt":"2018-10-13T16:21:19","guid":{"rendered":"http:\/\/www.heimatverein-rodheim-bieber.de\/hv\/?page_id=8"},"modified":"2025-09-21T22:29:26","modified_gmt":"2025-09-21T20:29:26","slug":"ueber-uns","status":"publish","type":"page","link":"https:\/\/www.heimatverein-rodheim-bieber.de\/hv\/ueber-uns\/","title":{"rendered":"\u00dcber uns"},"content":{"rendered":"<p>Der Heimatverein Rodheim-Bieber e. V. wurde am 30. Oktober 1995 gegr\u00fcndet.<br \/>\nZur Zeit z\u00e4hlt der Verein 135 Mitglieder. Die Vorbesprechung zur Gr\u00fcndung des Vereins f\u00fchrten Biebertaler Heimatfreunde am Donnerstag, den 29. Juni 1995 unter Federf\u00fchrung von Helmut Failing in der B\u00fcrgerhausgastst\u00e4tte in Rodheim.<\/p>\n<p>Hauptzweck des Vereins ist die Aufarbeitung der geschichtlichen, kulturellen und wirtschaftlichen Entwicklung der Mark Rodheim an der Bieber. Dabei soll die Pflege heimatlichen Volks- und Brauchtums im Vordergrund stehen.<\/p>\n<p>Kontakt: <a href=\"mailto:info@heimatverein-rodheim-bieber.de\">Klicken Sie hier<\/a>, um uns eine Nachricht per E-Mail zukommen zu lassen.<\/p>\n<h2>Adresse<\/h2>\n<p>Das Museum befindet sich in der Gie\u00dfener Str. 23\u00a0 (Backhaus und ehemaliges Rathaus)<\/p>\n<p>Eingang von der Kirchgasse aus<\/p>\n<h2>Mitgliedschaft<\/h2>\n<p>Verf\u00fcgbar hier: <a href=\"https:\/\/www.heimatverein-rodheim-bieber.de\/hv\/wp-content\/uploads\/2019\/03\/Beitrittserkla\u0308rung-Aktuell.pdf\">Beitrittserkla\u0308rung<\/a><\/p>\n<h2>Vereinssatzung<\/h2>\n<p>Verf\u00fcgbar hier: <a href=\"https:\/\/www.heimatverein-rodheim-bieber.de\/hv\/wp-content\/uploads\/2019\/03\/S-A-T-Z-U-N-G-Heimatverein-aktuell.pdf\">SATZUNG Heimatverein<\/a><\/p>\n<h2>Chronik<\/h2>\n<p>Verf\u00fcgbar hier:\u00a0<a href=\"http:\/\/www.heimatverein-rodheim-bieber.de\/der_verein_die_chronik_rodheim_bieber.pdf\" target=\"_blank\" rel=\"noopener noreferrer\">Chronik von Rodheim-Bieber<\/a><\/p>\n<h2>Datenschutzerkl\u00e4rung<\/h2>\n<p>Hier weiter zu unserer <a href=\".\/datenschutzerklaerung\">Datenschutzerkl\u00e4rung<\/a><\/p>\n<p>&nbsp;<\/p>\n<p><img loading=\"lazy\" decoding=\"async\" class=\"alignnone wp-image-254\" src=\"https:\/\/www.heimatverein-rodheim-bieber.de\/hv\/wp-content\/uploads\/2018\/10\/verein_Luftbild-von-Rodheim-600x373.jpg\" alt=\"\" width=\"550\" height=\"342\" srcset=\"https:\/\/www.heimatverein-rodheim-bieber.de\/hv\/wp-content\/uploads\/2018\/10\/verein_Luftbild-von-Rodheim-600x373.jpg 600w, https:\/\/www.heimatverein-rodheim-bieber.de\/hv\/wp-content\/uploads\/2018\/10\/verein_Luftbild-von-Rodheim-768x477.jpg 768w, https:\/\/www.heimatverein-rodheim-bieber.de\/hv\/wp-content\/uploads\/2018\/10\/verein_Luftbild-von-Rodheim.jpg 800w\" sizes=\"auto, (max-width: 550px) 100vw, 550px\" \/><br \/>\nLuftbild von Rodheim<\/p>\n<p><img loading=\"lazy\" decoding=\"async\" class=\"alignnone wp-image-256\" src=\"https:\/\/www.heimatverein-rodheim-bieber.de\/hv\/wp-content\/uploads\/2018\/10\/verein_Rodheim-mit-Schule-600x400.jpg\" alt=\"\" width=\"550\" height=\"366\" srcset=\"https:\/\/www.heimatverein-rodheim-bieber.de\/hv\/wp-content\/uploads\/2018\/10\/verein_Rodheim-mit-Schule-600x400.jpg 600w, https:\/\/www.heimatverein-rodheim-bieber.de\/hv\/wp-content\/uploads\/2018\/10\/verein_Rodheim-mit-Schule-768x512.jpg 768w, https:\/\/www.heimatverein-rodheim-bieber.de\/hv\/wp-content\/uploads\/2018\/10\/verein_Rodheim-mit-Schule.jpg 800w\" sizes=\"auto, (max-width: 550px) 100vw, 550px\" \/><br \/>\nRodheim mit Schule im Hintergrund der Vetzberg und Gleiberg<\/p>\n<p><img loading=\"lazy\" decoding=\"async\" class=\"alignnone wp-image-257\" src=\"https:\/\/www.heimatverein-rodheim-bieber.de\/hv\/wp-content\/uploads\/2018\/10\/verein_Rodheim-mit-der-ev-Kirche-533x400.jpg\" alt=\"\" width=\"550\" height=\"413\" srcset=\"https:\/\/www.heimatverein-rodheim-bieber.de\/hv\/wp-content\/uploads\/2018\/10\/verein_Rodheim-mit-der-ev-Kirche-533x400.jpg 533w, https:\/\/www.heimatverein-rodheim-bieber.de\/hv\/wp-content\/uploads\/2018\/10\/verein_Rodheim-mit-der-ev-Kirche-768x576.jpg 768w, https:\/\/www.heimatverein-rodheim-bieber.de\/hv\/wp-content\/uploads\/2018\/10\/verein_Rodheim-mit-der-ev-Kirche.jpg 800w\" sizes=\"auto, (max-width: 550px) 100vw, 550px\" \/><br \/>\nRodheim mit der evangelischen Kirche<\/p>\n","protected":false},"excerpt":{"rendered":"<p>Der Heimatverein Rodheim-Bieber e. V. wurde am 30. Oktober 1995 gegr\u00fcndet. Zur Zeit z\u00e4hlt der Verein 135 Mitglieder. Die Vorbesprechung zur Gr\u00fcndung des Vereins f\u00fchrten Biebertaler Heimatfreunde am Donnerstag, den 29. Juni 1995 unter Federf\u00fchrung von Helmut Failing in der B\u00fcrgerhausgastst\u00e4tte in Rodheim. Hauptzweck des Vereins ist die Aufarbeitung der geschichtlichen, kulturellen und wirtschaftlichen Entwicklung &#8230; <a title=\"\u00dcber uns\" class=\"read-more\" href=\"https:\/\/www.heimatverein-rodheim-bieber.de\/hv\/ueber-uns\/\" aria-label=\"Mehr Informationen \u00fcber \u00dcber uns\">(Weiterlesen)<\/a><\/p>\n","protected":false},"author":1,"featured_media":310,"parent":0,"menu_order":0,"comment_status":"closed","ping_status":"closed","template":"","meta":{"footnotes":""},"class_list":{"0":"post-8","1":"page","2":"type-page","3":"status-publish","4":"has-post-thumbnail","6":"gallery-content-unit","7":"resize-featured-image"},"_links":{"self":[{"href":"https:\/\/www.heimatverein-rodheim-bieber.de\/hv\/wp-json\/wp\/v2\/pages\/8","targetHints":{"allow":["GET"]}}],"collection":[{"href":"https:\/\/www.heimatverein-rodheim-bieber.de\/hv\/wp-json\/wp\/v2\/pages"}],"about":[{"href":"https:\/\/www.heimatverein-rodheim-bieber.de\/hv\/wp-json\/wp\/v2\/types\/page"}],"author":[{"embeddable":true,"href":"https:\/\/www.heimatverein-rodheim-bieber.de\/hv\/wp-json\/wp\/v2\/users\/1"}],"replies":[{"embeddable":true,"href":"https:\/\/www.heimatverein-rodheim-bieber.de\/hv\/wp-json\/wp\/v2\/comments?post=8"}],"version-history":[{"count":16,"href":"https:\/\/www.heimatverein-rodheim-bieber.de\/hv\/wp-json\/wp\/v2\/pages\/8\/revisions"}],"predecessor-version":[{"id":1134,"href":"https:\/\/www.heimatverein-rodheim-bieber.de\/hv\/wp-json\/wp\/v2\/pages\/8\/revisions\/1134"}],"wp:featuredmedia":[{"embeddable":true,"href":"https:\/\/www.heimatverein-rodheim-bieber.de\/hv\/wp-json\/wp\/v2\/media\/310"}],"wp:attachment":[{"href":"https:\/\/www.heimatverein-rodheim-bieber.de\/hv\/wp-json\/wp\/v2\/media?parent=8"}],"curies":[{"name":"wp","href":"https:\/\/api.w.org\/{rel}","templated":true}]}}