{"id":81,"date":"2018-10-14T16:18:38","date_gmt":"2018-10-14T14:18:38","guid":{"rendered":"http:\/\/www.heimatverein-rodheim-bieber.de\/hv\/?page_id=81"},"modified":"2019-02-02T17:34:43","modified_gmt":"2019-02-02T16:34:43","slug":"vertriebenenstube","status":"publish","type":"page","link":"https:\/\/www.heimatverein-rodheim-bieber.de\/hv\/arbeitskreise\/heimatvertriebene\/vertriebenenstube\/","title":{"rendered":"Vertriebenenstube"},"content":{"rendered":"<p><em>Dokumentation der Heimatsammlung in Hessen durch Dr. Wolfgang Fritsche vom hessischen Museumsverband im Auftrag des Hessischen Sozialministeriums.<\/em><\/p>\n<p>Im Jahre 2001 wurde das Museum er\u00f6ffnet. Schon im Vorfeld gab es \u00dcberlegungen, eine Abteilung einzurichten, die sich dem Thema \u201eVertreibung\u201c annehmen sollte. Ziel war es, die Erinnerung an die Ankunft der Vertriebenen f\u00fcr die nachkommenden Generationen zu bewahren.<\/p>\n<p style=\"text-align: center;\"><img loading=\"lazy\" decoding=\"async\" class=\"alignnone size-full wp-image-238\" src=\"https:\/\/www.heimatverein-rodheim-bieber.de\/hv\/wp-content\/uploads\/2018\/10\/Vertriebenenstube-Teile-der-Dauerausstellung.jpg\" alt=\"\" width=\"472\" height=\"354\" \/><br \/>\nTeile der Dauerausstellung<\/p>\n<p>Zur Einrichtung der Abteilung &#8222;Vertreibung&#8220; wurde gezielt nach Objekten gesucht, die in das Konzept passten. Das hei\u00dft, nicht alle Objekte haben einen Bezug zum Ort oder dort ans\u00e4ssigen Vertriebenen, sondern der Bezug besteht zum ausgestellten Thema. Dabei konnten sowohl Exponate aus privatem Umfeld als Leihgaben aufgenommen werden, wie auch Ank\u00e4ufe, beispielsweise bei Ebay.<br \/>\nBei der \u00fcberwiegenden Mehrzahl der Gegenst\u00e4nde handelt es sich nicht um w\u00e4hrend der Vertreibung mitgebrachte Objekte, sondern um Erinnerungsst\u00fccke, die erst gegen Ende des 20. Jh&#8217;s aus Tschechien mitgebracht wurden.<br \/>\nZwischenzeitlich fanden zwei Sonderausstellungen statt, darunter &#8222;Weggehen hei\u00dft auch ankommen&#8220;.<\/p>\n<p>&nbsp;<\/p>\n<p style=\"text-align: center;\">Zwei besondere Objekte fallen ins Auge:<\/p>\n<p style=\"text-align: center;\"><img loading=\"lazy\" decoding=\"async\" class=\"alignnone size-medium wp-image-239 aligncenter\" src=\"https:\/\/www.heimatverein-rodheim-bieber.de\/hv\/wp-content\/uploads\/2018\/10\/Vertriebenenstube-Oelgemaelde-aus-dem-Gefangenenlager-Mainz-322x400.jpg\" alt=\"\" width=\"322\" height=\"400\" srcset=\"https:\/\/www.heimatverein-rodheim-bieber.de\/hv\/wp-content\/uploads\/2018\/10\/Vertriebenenstube-Oelgemaelde-aus-dem-Gefangenenlager-Mainz-322x400.jpg 322w, https:\/\/www.heimatverein-rodheim-bieber.de\/hv\/wp-content\/uploads\/2018\/10\/Vertriebenenstube-Oelgemaelde-aus-dem-Gefangenenlager-Mainz.jpg 474w\" sizes=\"auto, (max-width: 322px) 100vw, 322px\" \/>\u00d6lgem\u00e4lde aus dem Gefangenenlager Mainz<\/p>\n<p>Das \u00d6lbild eines Mannes in Egerl\u00e4nder Tracht, das von einem unbekannten Maler als Auftragsarbeit in amerikanischer Gefangenschaft in Mainz f\u00fcr einen anderen Gefangenen gemalt wurde, dessen Familie aus dem Sudetenland vertrieben wurde.<\/p>\n<p style=\"text-align: center;\"><img loading=\"lazy\" decoding=\"async\" class=\"alignnone size-medium wp-image-240\" src=\"https:\/\/www.heimatverein-rodheim-bieber.de\/hv\/wp-content\/uploads\/2018\/10\/Vertriebenenstube-Kreuzigungsszene-im-Sturzglas-253x400.jpg\" alt=\"\" width=\"253\" height=\"400\" srcset=\"https:\/\/www.heimatverein-rodheim-bieber.de\/hv\/wp-content\/uploads\/2018\/10\/Vertriebenenstube-Kreuzigungsszene-im-Sturzglas-253x400.jpg 253w, https:\/\/www.heimatverein-rodheim-bieber.de\/hv\/wp-content\/uploads\/2018\/10\/Vertriebenenstube-Kreuzigungsszene-im-Sturzglas.jpg 446w\" sizes=\"auto, (max-width: 253px) 100vw, 253px\" \/><br \/>\nKreuzigungsszene im Sturzglas<\/p>\n<p>Das zweite ist eine Kreuzigungsszene im Sturzglas, die aus Unterreichenau [Doln\u00ed Rychnov]\/ Egerland stammt und w\u00e4hrend der Vertreibung mitgebracht wurde. Der Transport nach Annerod in Hessen erfolgte in Decken geh\u00fcllt in einem Kinderwagen. \u00dcber famili\u00e4re Erbf\u00e4lle gelangte sie in die H\u00e4nde ihres jetzigen Besitzers, der sie 2003 der Einrichtung der Ausstellung &#8222;Vertreibung&#8220;\u00a0im FLM Hessenpark zur Verf\u00fcgung stellte.<\/p>\n<p>Etwa im Jahr 2006 holte er sie f\u00fcr die Ausstellung in Rodheim-Bieber wieder zur\u00fcck.<\/p>\n","protected":false},"excerpt":{"rendered":"<p>Dokumentation der Heimatsammlung in Hessen durch Dr. Wolfgang Fritsche vom hessischen Museumsverband im Auftrag des Hessischen Sozialministeriums. Im Jahre 2001 wurde das Museum er\u00f6ffnet. Schon im Vorfeld gab es \u00dcberlegungen, eine Abteilung einzurichten, die sich dem Thema \u201eVertreibung\u201c annehmen sollte. Ziel war es, die Erinnerung an die Ankunft der Vertriebenen f\u00fcr die nachkommenden Generationen zu &#8230; <a title=\"Vertriebenenstube\" class=\"read-more\" href=\"https:\/\/www.heimatverein-rodheim-bieber.de\/hv\/arbeitskreise\/heimatvertriebene\/vertriebenenstube\/\" aria-label=\"Mehr Informationen \u00fcber Vertriebenenstube\">(Weiterlesen)<\/a><\/p>\n","protected":false},"author":1,"featured_media":484,"parent":77,"menu_order":0,"comment_status":"closed","ping_status":"closed","template":"","meta":{"footnotes":""},"class_list":{"0":"post-81","1":"page","2":"type-page","3":"status-publish","4":"has-post-thumbnail","6":"gallery-content-unit","7":"resize-featured-image"},"_links":{"self":[{"href":"https:\/\/www.heimatverein-rodheim-bieber.de\/hv\/wp-json\/wp\/v2\/pages\/81","targetHints":{"allow":["GET"]}}],"collection":[{"href":"https:\/\/www.heimatverein-rodheim-bieber.de\/hv\/wp-json\/wp\/v2\/pages"}],"about":[{"href":"https:\/\/www.heimatverein-rodheim-bieber.de\/hv\/wp-json\/wp\/v2\/types\/page"}],"author":[{"embeddable":true,"href":"https:\/\/www.heimatverein-rodheim-bieber.de\/hv\/wp-json\/wp\/v2\/users\/1"}],"replies":[{"embeddable":true,"href":"https:\/\/www.heimatverein-rodheim-bieber.de\/hv\/wp-json\/wp\/v2\/comments?post=81"}],"version-history":[{"count":3,"href":"https:\/\/www.heimatverein-rodheim-bieber.de\/hv\/wp-json\/wp\/v2\/pages\/81\/revisions"}],"predecessor-version":[{"id":242,"href":"https:\/\/www.heimatverein-rodheim-bieber.de\/hv\/wp-json\/wp\/v2\/pages\/81\/revisions\/242"}],"up":[{"embeddable":true,"href":"https:\/\/www.heimatverein-rodheim-bieber.de\/hv\/wp-json\/wp\/v2\/pages\/77"}],"wp:featuredmedia":[{"embeddable":true,"href":"https:\/\/www.heimatverein-rodheim-bieber.de\/hv\/wp-json\/wp\/v2\/media\/484"}],"wp:attachment":[{"href":"https:\/\/www.heimatverein-rodheim-bieber.de\/hv\/wp-json\/wp\/v2\/media?parent=81"}],"curies":[{"name":"wp","href":"https:\/\/api.w.org\/{rel}","templated":true}]}}