{"id":83,"date":"2018-10-14T16:19:02","date_gmt":"2018-10-14T14:19:02","guid":{"rendered":"http:\/\/www.heimatverein-rodheim-bieber.de\/hv\/?page_id=83"},"modified":"2019-05-17T17:53:04","modified_gmt":"2019-05-17T15:53:04","slug":"brauchtum-trachten","status":"publish","type":"page","link":"https:\/\/www.heimatverein-rodheim-bieber.de\/hv\/arbeitskreise\/brauchtum-trachten\/","title":{"rendered":"Brauchtum &#8211; Trachten"},"content":{"rendered":"<p><strong>Verantwortlich:\u00a0<\/strong>Regina Reeh, Am Birkfeld 9, 35444 Biebertal-Rodheim, Tel.: 06409\/2356<\/p>\n<p style=\"text-align: left;\">Die Gruppe Brauchtum besteht seit der Gr\u00fcndung des Heimatvereins im Jahre 1995.<br \/>\nIn der Vergangenheit k\u00fcmmerte sich Inge Thies, eine Fachfrau f\u00fcr textiles Gestalten und Kennerin der heimischen Trachten und Br\u00e4uchen im Verein um dieses Bet\u00e4tigungsfeld.<\/p>\n<p>Im Nov.1996 wurde eine Volkstanzgruppe gegr\u00fcndet. Diese trat bei vielen Vereins-und Ortsfesten auf. Bis ins Jahr 2011 waren die T\u00e4nzerinnen und T\u00e4nzer mit viel Freude dabei. Leider musste dann die Gruppe, vorwiegend aus Alters-und Krankheitgr\u00fcnden die Tanzerei einstellen.<\/p>\n<p>Seit 2015 gibt es jetzt mit der Wollspinngruppe eine neue Aktivit\u00e4t. Die Gruppe trifft sich immer jeden zweiten Mittwoch zum spinnen, stricken und weben im Heimatmuseum.<\/p>\n<p style=\"text-align: left;\"><img loading=\"lazy\" decoding=\"async\" class=\"alignnone wp-image-244\" src=\"https:\/\/www.heimatverein-rodheim-bieber.de\/hv\/wp-content\/uploads\/2018\/10\/brauchtum-trachen-bild1-600x400.jpg\" alt=\"\" width=\"550\" height=\"367\" srcset=\"https:\/\/www.heimatverein-rodheim-bieber.de\/hv\/wp-content\/uploads\/2018\/10\/brauchtum-trachen-bild1-600x400.jpg 600w, https:\/\/www.heimatverein-rodheim-bieber.de\/hv\/wp-content\/uploads\/2018\/10\/brauchtum-trachen-bild1-768x513.jpg 768w, https:\/\/www.heimatverein-rodheim-bieber.de\/hv\/wp-content\/uploads\/2018\/10\/brauchtum-trachen-bild1.jpg 800w\" sizes=\"auto, (max-width: 550px) 100vw, 550px\" \/><br \/>\nWeben auf dem historischen Webstuhl<\/p>\n<p style=\"text-align: left;\" align=\"center\"><img loading=\"lazy\" decoding=\"async\" class=\"alignnone wp-image-245\" src=\"https:\/\/www.heimatverein-rodheim-bieber.de\/hv\/wp-content\/uploads\/2018\/10\/brauchtum-trachen-bild2-600x400.jpg\" alt=\"\" width=\"550\" height=\"367\" srcset=\"https:\/\/www.heimatverein-rodheim-bieber.de\/hv\/wp-content\/uploads\/2018\/10\/brauchtum-trachen-bild2-600x400.jpg 600w, https:\/\/www.heimatverein-rodheim-bieber.de\/hv\/wp-content\/uploads\/2018\/10\/brauchtum-trachen-bild2-768x513.jpg 768w, https:\/\/www.heimatverein-rodheim-bieber.de\/hv\/wp-content\/uploads\/2018\/10\/brauchtum-trachen-bild2.jpg 800w\" sizes=\"auto, (max-width: 550px) 100vw, 550px\" \/><br \/>\nAdventskranz Binden<\/p>\n<p style=\"text-align: left;\" align=\"center\"><img loading=\"lazy\" decoding=\"async\" class=\"alignnone wp-image-246\" src=\"https:\/\/www.heimatverein-rodheim-bieber.de\/hv\/wp-content\/uploads\/2018\/10\/L1080396.jpg\" alt=\"\" width=\"550\" height=\"412\" srcset=\"https:\/\/www.heimatverein-rodheim-bieber.de\/hv\/wp-content\/uploads\/2018\/10\/L1080396.jpg 667w, https:\/\/www.heimatverein-rodheim-bieber.de\/hv\/wp-content\/uploads\/2018\/10\/L1080396-534x400.jpg 534w\" sizes=\"auto, (max-width: 550px) 100vw, 550px\" \/><br \/>\nWolle spinnen<\/p>\n<p style=\"text-align: left;\" align=\"center\"><img loading=\"lazy\" decoding=\"async\" class=\"alignnone wp-image-247\" src=\"https:\/\/www.heimatverein-rodheim-bieber.de\/hv\/wp-content\/uploads\/2018\/10\/brauchtum-trachen-bild4-600x400.jpg\" alt=\"\" width=\"550\" height=\"367\" srcset=\"https:\/\/www.heimatverein-rodheim-bieber.de\/hv\/wp-content\/uploads\/2018\/10\/brauchtum-trachen-bild4-600x400.jpg 600w, https:\/\/www.heimatverein-rodheim-bieber.de\/hv\/wp-content\/uploads\/2018\/10\/brauchtum-trachen-bild4-768x513.jpg 768w, https:\/\/www.heimatverein-rodheim-bieber.de\/hv\/wp-content\/uploads\/2018\/10\/brauchtum-trachen-bild4.jpg 800w\" sizes=\"auto, (max-width: 550px) 100vw, 550px\" \/><br \/>\nHandarbeiten, wie stricken, sticken, kl\u00f6ppeln etc.<\/p>\n<p style=\"text-align: left;\" align=\"center\">Weitere Aktivit\u00e4ten sind:<\/p>\n<ul>\n<li style=\"text-align: left;\">Weben mit Webmeister Wolfgang Lau an unserem historischen Webstuhl. Mit Wolfgang Lau haben wir einen K\u00f6nner der historischen Webkunst. Er freut sich \u00fcber jeden Interessenten und gibt gerne sein Wissen weiter.<\/li>\n<li style=\"text-align: left;\">Adventskranz binden in der Woche vor dem ersten Advent unter fachkundiger Anleitung in unserem Backhaus. In 2015 nahmen hier\u00a025 Frauen teil.<\/li>\n<li style=\"text-align: left;\">Seit 2015\u00a0gibt es eine\u00a0Spinngruppe, die Wolle auf den vereinseigenen Spinnr\u00e4dern zu spinnen lernt.<\/li>\n<\/ul>\n<p><strong>Wer hier Interesse hat, bitte bei\u00a0Regina Reeh,\u00a0Tel. 06409\u00a02356 oder Helmut Failing, Tel. 06409 9215 melden.<\/strong><\/p>\n","protected":false},"excerpt":{"rendered":"<p>Verantwortlich:\u00a0Regina Reeh, Am Birkfeld 9, 35444 Biebertal-Rodheim, Tel.: 06409\/2356 Die Gruppe Brauchtum besteht seit der Gr\u00fcndung des Heimatvereins im Jahre 1995. In der Vergangenheit k\u00fcmmerte sich Inge Thies, eine Fachfrau f\u00fcr textiles Gestalten und Kennerin der heimischen Trachten und Br\u00e4uchen im Verein um dieses Bet\u00e4tigungsfeld. Im Nov.1996 wurde eine Volkstanzgruppe gegr\u00fcndet. Diese trat bei vielen &#8230; <a title=\"Brauchtum &#8211; Trachten\" class=\"read-more\" href=\"https:\/\/www.heimatverein-rodheim-bieber.de\/hv\/arbeitskreise\/brauchtum-trachten\/\" aria-label=\"Mehr Informationen \u00fcber Brauchtum &#8211; Trachten\">(Weiterlesen)<\/a><\/p>\n","protected":false},"author":1,"featured_media":487,"parent":6,"menu_order":0,"comment_status":"closed","ping_status":"closed","template":"","meta":{"footnotes":""},"class_list":{"0":"post-83","1":"page","2":"type-page","3":"status-publish","4":"has-post-thumbnail","6":"gallery-content-unit","7":"resize-featured-image"},"_links":{"self":[{"href":"https:\/\/www.heimatverein-rodheim-bieber.de\/hv\/wp-json\/wp\/v2\/pages\/83","targetHints":{"allow":["GET"]}}],"collection":[{"href":"https:\/\/www.heimatverein-rodheim-bieber.de\/hv\/wp-json\/wp\/v2\/pages"}],"about":[{"href":"https:\/\/www.heimatverein-rodheim-bieber.de\/hv\/wp-json\/wp\/v2\/types\/page"}],"author":[{"embeddable":true,"href":"https:\/\/www.heimatverein-rodheim-bieber.de\/hv\/wp-json\/wp\/v2\/users\/1"}],"replies":[{"embeddable":true,"href":"https:\/\/www.heimatverein-rodheim-bieber.de\/hv\/wp-json\/wp\/v2\/comments?post=83"}],"version-history":[{"count":6,"href":"https:\/\/www.heimatverein-rodheim-bieber.de\/hv\/wp-json\/wp\/v2\/pages\/83\/revisions"}],"predecessor-version":[{"id":693,"href":"https:\/\/www.heimatverein-rodheim-bieber.de\/hv\/wp-json\/wp\/v2\/pages\/83\/revisions\/693"}],"up":[{"embeddable":true,"href":"https:\/\/www.heimatverein-rodheim-bieber.de\/hv\/wp-json\/wp\/v2\/pages\/6"}],"wp:featuredmedia":[{"embeddable":true,"href":"https:\/\/www.heimatverein-rodheim-bieber.de\/hv\/wp-json\/wp\/v2\/media\/487"}],"wp:attachment":[{"href":"https:\/\/www.heimatverein-rodheim-bieber.de\/hv\/wp-json\/wp\/v2\/media?parent=83"}],"curies":[{"name":"wp","href":"https:\/\/api.w.org\/{rel}","templated":true}]}}