{"id":85,"date":"2018-10-14T16:19:28","date_gmt":"2018-10-14T14:19:28","guid":{"rendered":"http:\/\/www.heimatverein-rodheim-bieber.de\/hv\/?page_id=85"},"modified":"2025-05-25T20:26:45","modified_gmt":"2025-05-25T18:26:45","slug":"vor-und-fruehgeschichte","status":"publish","type":"page","link":"https:\/\/www.heimatverein-rodheim-bieber.de\/hv\/arbeitskreise\/vor-und-fruehgeschichte\/","title":{"rendered":"Historische Nutzpflanzen und Arbeitstechniken (bisher Vor- und Fr\u00fchgeschichte)"},"content":{"rendered":"<p><strong>Verantwortlich:<\/strong> derzeit nicht besetzt<\/p>\n<p>&nbsp;<\/p>\n<p>&nbsp;<\/p>\n<p>&nbsp;<\/p>\n<p>Die bisherige Form des Arbeitskreis (Vor- und Fr\u00fchgeschichte) wird nicht mehr angeboten.<\/p>\n<p>Der Arbeitskreis besteht seit Gr\u00fcndung des Vereins im Jahr 1995.<\/p>\n<p>Mit Ernst Dietrich hatte bis 2017 (Beendigung der Funktion aus Altersgr\u00fcnden) ein Heimatforscher mit \u00e4rch\u00e4ologischem Expertenwissen u. a. exzellente F\u00fchrungen und Exkursionen zum Thema Vor- und Fr\u00fchgeschichte angeboten.<\/p>\n<p>Hierzu z\u00e4hlten:<\/p>\n<ul>\n<li>Rund um den Bleidenberg (H\u00fcgelgr\u00e4ber, Eisenverh\u00fcttung, Wegespuren u.a.)<\/li>\n<li>Zu den H\u00fcgelgr\u00e4ber im Heegstrauch<\/li>\n<li>Vom Rodheimer Sportplatz zum K\u00f6nigsstuhl (Frauenkreuz, Sternschanze, K\u00f6nigsstuhl)<\/li>\n<li>Von der Grube Eleonore zur Silbergrube (Grube Eleonore, H\u00fcgelgr\u00e4ber, Schanzen, Eisenverh\u00fcttungspl\u00e4tze)<\/li>\n<\/ul>\n<p style=\"text-align: center;\"><img loading=\"lazy\" decoding=\"async\" class=\"alignnone size-medium wp-image-251\" src=\"https:\/\/www.heimatverein-rodheim-bieber.de\/hv\/wp-content\/uploads\/2018\/10\/arbeitskreis_7_vor_und_fruehgeschichte_2_640x380-600x356.jpg\" alt=\"\" width=\"600\" height=\"356\" srcset=\"https:\/\/www.heimatverein-rodheim-bieber.de\/hv\/wp-content\/uploads\/2018\/10\/arbeitskreis_7_vor_und_fruehgeschichte_2_640x380-600x356.jpg 600w, https:\/\/www.heimatverein-rodheim-bieber.de\/hv\/wp-content\/uploads\/2018\/10\/arbeitskreis_7_vor_und_fruehgeschichte_2_640x380.jpg 640w\" sizes=\"auto, (max-width: 600px) 100vw, 600px\" \/><br \/>\nErnst Dietrich (links) erl\u00e4utert Details w\u00e4hrend einer arch\u00e4ologischen Wanderung<\/p>\n<p>Ein wesentliches Werk f\u00fcr die Vor- und Fr\u00fchgeschichte im hiesigen Raum ist das Buch von Karl Reeh \u201eDer D\u00fcnsberg und seine Umgebung\u201c, erschienen 2001 als Bd. 1 der Serie \u201eForschungen zum D\u00fcnsberg\u201c bei den editions monique mergoil. Karl Reeh hat von den 1920er Jahren an \u00fcber mehrere Jahrzehnte als Heimatforscher die Bodendenkm\u00e4ler im hiesigen Raum dokumentiert und die Befunde auch in vielen Zeichnungen veranschaulicht.<\/p>\n<p>Basierend auf diesen Unterlagen war es ein Ziel des Arbeitskreises, die damaligen Befunde auf den heutigen Stand zu aktualisieren und festzustellen, was bedroht oder seither verloren gegangen ist.<\/p>\n<p>Weitere Ziele waren:<\/p>\n<p>Kartierung und Dokumentation von Altwegen in unserer Region<\/p>\n<p>Alte F\u00e4rbepflanzen\/F\u00e4rbetechniken, u.a. mit Waid<\/p>\n<p>Alte Nutzpflanzen (Kultur- und Verwertung)<\/p>\n<p>Alte Handwerkstechniken insbes. auch der Eisenzeit:<\/p>\n<p>Erneuter Aufbau und Brennen eines Holzkohlemeilers (unter Ernst Dietrich bereits 2004 zusammen mit dem D\u00fcnsbergverein und der Revierf\u00f6rsterei K\u00f6nigsberg durchgef\u00fchrt)<\/p>\n<p>Ggf. Aufbau und Betrieb eines Rennofens<\/p>\n<p>Gemeinsame Teilnahme an Veranstaltungen der <em>Zeiteninsel<\/em> &#8211; Arch\u00e4ologisches Freilichtmuseum Marburger Land.<\/p>\n<p>Es besteht Zusammenarbeit mit dem Verein Arch\u00e4ologie im Gleiberger Land und dem D\u00fcnsbergverein.<\/p>\n<p>&nbsp;<\/p>\n","protected":false},"excerpt":{"rendered":"<p>Verantwortlich: derzeit nicht besetzt &nbsp; &nbsp; &nbsp; Die bisherige Form des Arbeitskreis (Vor- und Fr\u00fchgeschichte) wird nicht mehr angeboten. Der Arbeitskreis besteht seit Gr\u00fcndung des Vereins im Jahr 1995. Mit Ernst Dietrich hatte bis 2017 (Beendigung der Funktion aus Altersgr\u00fcnden) ein Heimatforscher mit \u00e4rch\u00e4ologischem Expertenwissen u. a. exzellente F\u00fchrungen und Exkursionen zum Thema Vor- und &#8230; <a title=\"Historische Nutzpflanzen und Arbeitstechniken (bisher Vor- und Fr\u00fchgeschichte)\" class=\"read-more\" href=\"https:\/\/www.heimatverein-rodheim-bieber.de\/hv\/arbeitskreise\/vor-und-fruehgeschichte\/\" aria-label=\"Mehr Informationen \u00fcber Historische Nutzpflanzen und Arbeitstechniken (bisher Vor- und Fr\u00fchgeschichte)\">(Weiterlesen)<\/a><\/p>\n","protected":false},"author":1,"featured_media":489,"parent":6,"menu_order":0,"comment_status":"closed","ping_status":"closed","template":"","meta":{"footnotes":""},"class_list":{"0":"post-85","1":"page","2":"type-page","3":"status-publish","4":"has-post-thumbnail","6":"gallery-content-unit","7":"resize-featured-image"},"_links":{"self":[{"href":"https:\/\/www.heimatverein-rodheim-bieber.de\/hv\/wp-json\/wp\/v2\/pages\/85","targetHints":{"allow":["GET"]}}],"collection":[{"href":"https:\/\/www.heimatverein-rodheim-bieber.de\/hv\/wp-json\/wp\/v2\/pages"}],"about":[{"href":"https:\/\/www.heimatverein-rodheim-bieber.de\/hv\/wp-json\/wp\/v2\/types\/page"}],"author":[{"embeddable":true,"href":"https:\/\/www.heimatverein-rodheim-bieber.de\/hv\/wp-json\/wp\/v2\/users\/1"}],"replies":[{"embeddable":true,"href":"https:\/\/www.heimatverein-rodheim-bieber.de\/hv\/wp-json\/wp\/v2\/comments?post=85"}],"version-history":[{"count":12,"href":"https:\/\/www.heimatverein-rodheim-bieber.de\/hv\/wp-json\/wp\/v2\/pages\/85\/revisions"}],"predecessor-version":[{"id":1121,"href":"https:\/\/www.heimatverein-rodheim-bieber.de\/hv\/wp-json\/wp\/v2\/pages\/85\/revisions\/1121"}],"up":[{"embeddable":true,"href":"https:\/\/www.heimatverein-rodheim-bieber.de\/hv\/wp-json\/wp\/v2\/pages\/6"}],"wp:featuredmedia":[{"embeddable":true,"href":"https:\/\/www.heimatverein-rodheim-bieber.de\/hv\/wp-json\/wp\/v2\/media\/489"}],"wp:attachment":[{"href":"https:\/\/www.heimatverein-rodheim-bieber.de\/hv\/wp-json\/wp\/v2\/media?parent=85"}],"curies":[{"name":"wp","href":"https:\/\/api.w.org\/{rel}","templated":true}]}}